{"id":26630,"date":"2025-08-03T07:35:10","date_gmt":"2025-08-03T07:35:10","guid":{"rendered":"https:\/\/dotsy.ovh\/um\/"},"modified":"2025-10-23T11:18:29","modified_gmt":"2025-10-23T11:18:29","slug":"um","status":"publish","type":"page","link":"https:\/\/dotsy.ovh\/de\/um\/","title":{"rendered":"Um"},"content":{"rendered":"\t\t<div data-elementor-type=\"wp-post\" data-elementor-id=\"26630\" class=\"elementor elementor-26630 elementor-158\">\n\t\t\t\t<div class=\"elementor-element elementor-element-7c1e0b9 e-flex e-con-boxed e-con e-parent\" data-id=\"7c1e0b9\" data-element_type=\"container\" data-settings=\"{&quot;background_background&quot;:&quot;classic&quot;}\">\n\t\t\t\t\t<div class=\"e-con-inner\">\n\t\t<div class=\"elementor-element elementor-element-edd70a4 e-con-full e-flex e-con e-child\" data-id=\"edd70a4\" data-element_type=\"container\">\n\t\t\t\t<div class=\"elementor-element elementor-element-e25f101 elementor-widget elementor-widget-hfe-infocard\" data-id=\"e25f101\" data-element_type=\"widget\" data-widget_type=\"hfe-infocard.default\">\n\t\t\t\t<div class=\"elementor-widget-container\">\n\t\t\t\t\t\n\t\t<div class=\"hfe-infocard\">\n\t\t\t\t\t\t\t\t\t<div class=\"hfe-infocard-title-wrap\">\n\t\t\t\t<h1 class=\"hfe-infocard-title elementor-inline-editing\" data-elementor-setting-key=\"infocard_title\" data-elementor-inline-editing-toolbar=\"basic\" >\u00dcber das Unternehmen<\/h1>\t\t\t<\/div>\n\t\t\t\t\t\t<div class=\"hfe-infocard-text-wrap\">\n\t\t\t\t<div class=\"hfe-infocard-text elementor-inline-editing\" data-elementor-setting-key=\"infocard_description\" data-elementor-inline-editing-toolbar=\"advanced\">\n\t\t\t\t\tEin f\u00fchrender Anbieter von syrischen Website-Hosting-Diensten\t\t\t\t<\/div>\n\t\t\t\t\t\t\t<\/div>\n\t\t<\/div>\n\n\t\t\t\t\t\t<\/div>\n\t\t\t\t<\/div>\n\t\t\t\t<\/div>\n\t\t\t\t\t<\/div>\n\t\t\t\t<\/div>\n\t\t<div class=\"elementor-element elementor-element-264481d e-flex e-con-boxed e-con e-parent\" data-id=\"264481d\" data-element_type=\"container\" data-settings=\"{&quot;background_background&quot;:&quot;classic&quot;,&quot;shape_divider_bottom&quot;:&quot;waves&quot;}\">\n\t\t\t\t\t<div class=\"e-con-inner\">\n\t\t\t\t<div class=\"elementor-shape elementor-shape-bottom\" aria-hidden=\"true\" data-negative=\"false\">\n\t\t\t<svg xmlns=\"http:\/\/www.w3.org\/2000\/svg\" viewBox=\"0 0 1000 100\" preserveAspectRatio=\"none\">\n\t<path class=\"elementor-shape-fill\" d=\"M421.9,6.5c22.6-2.5,51.5,0.4,75.5,5.3c23.6,4.9,70.9,23.5,100.5,35.7c75.8,32.2,133.7,44.5,192.6,49.7\n\tc23.6,2.1,48.7,3.5,103.4-2.5c54.7-6,106.2-25.6,106.2-25.6V0H0v30.3c0,0,72,32.6,158.4,30.5c39.2-0.7,92.8-6.7,134-22.4\n\tc21.2-8.1,52.2-18.2,79.7-24.2C399.3,7.9,411.6,7.5,421.9,6.5z\"\/>\n<\/svg>\t\t<\/div>\n\t\t<div class=\"elementor-element elementor-element-258bb09 e-con-full e-flex e-con e-child\" data-id=\"258bb09\" data-element_type=\"container\">\n\t\t<div class=\"elementor-element elementor-element-bdc9957 e-con-full e-flex e-con e-child\" data-id=\"bdc9957\" data-element_type=\"container\">\n\t\t<div class=\"elementor-element elementor-element-992f860 e-con-full e-flex e-con e-child\" data-id=\"992f860\" data-element_type=\"container\">\n\t\t\t\t<div class=\"elementor-element elementor-element-bd94b13 elementor-widget elementor-widget-image\" data-id=\"bd94b13\" data-element_type=\"widget\" data-widget_type=\"image.default\">\n\t\t\t\t<div class=\"elementor-widget-container\">\n\t\t\t\t\t\t\t\t\t\t\t\t<figure class=\"wp-caption\">\n\t\t\t\t\t\t\t\t\t\t<img fetchpriority=\"high\" decoding=\"async\" width=\"1024\" height=\"683\" src=\"https:\/\/dotsy.ovh\/wp-content\/uploads\/2025\/08\/n-1024x683.jpg\" class=\"attachment-large size-large wp-image-26598\" alt=\"\" srcset=\"https:\/\/dotsy.ovh\/wp-content\/uploads\/2025\/08\/n-1024x683.jpg 1024w, https:\/\/dotsy.ovh\/wp-content\/uploads\/2025\/08\/n-300x200.jpg 300w, https:\/\/dotsy.ovh\/wp-content\/uploads\/2025\/08\/n-768x512.jpg 768w, https:\/\/dotsy.ovh\/wp-content\/uploads\/2025\/08\/n-600x400.jpg 600w, https:\/\/dotsy.ovh\/wp-content\/uploads\/2025\/08\/n.jpg 1280w\" sizes=\"(max-width: 1024px) 100vw, 1024px\" \/>\t\t\t\t\t\t\t\t\t\t\t<figcaption class=\"widget-image-caption wp-caption-text\">Globales Hosting <\/figcaption>\n\t\t\t\t\t\t\t\t\t\t<\/figure>\n\t\t\t\t\t\t\t\t\t<\/div>\n\t\t\t\t<\/div>\n\t\t\t\t<\/div>\n\t\t<div class=\"elementor-element elementor-element-3027fc2 e-con-full e-flex e-con e-child\" data-id=\"3027fc2\" data-element_type=\"container\">\n\t\t\t\t<div class=\"elementor-element elementor-element-db55aea elementor-widget elementor-widget-image\" data-id=\"db55aea\" data-element_type=\"widget\" data-widget_type=\"image.default\">\n\t\t\t\t<div class=\"elementor-widget-container\">\n\t\t\t\t\t\t\t\t\t\t\t\t<figure class=\"wp-caption\">\n\t\t\t\t\t\t\t\t\t\t<img decoding=\"async\" width=\"1024\" height=\"777\" src=\"https:\/\/dotsy.ovh\/wp-content\/uploads\/2025\/08\/ChatGPT-Image-Jun-24-2025-04_01_41-PM-1-1024x777.png\" class=\"attachment-large size-large wp-image-26595\" alt=\"\u062d\u062c\u0632\" srcset=\"https:\/\/dotsy.ovh\/wp-content\/uploads\/2025\/08\/ChatGPT-Image-Jun-24-2025-04_01_41-PM-1-1024x777.png 1024w, https:\/\/dotsy.ovh\/wp-content\/uploads\/2025\/08\/ChatGPT-Image-Jun-24-2025-04_01_41-PM-1-300x228.png 300w, https:\/\/dotsy.ovh\/wp-content\/uploads\/2025\/08\/ChatGPT-Image-Jun-24-2025-04_01_41-PM-1-768x583.png 768w, https:\/\/dotsy.ovh\/wp-content\/uploads\/2025\/08\/ChatGPT-Image-Jun-24-2025-04_01_41-PM-1-600x455.png 600w, https:\/\/dotsy.ovh\/wp-content\/uploads\/2025\/08\/ChatGPT-Image-Jun-24-2025-04_01_41-PM-1.png 1350w\" sizes=\"(max-width: 1024px) 100vw, 1024px\" \/>\t\t\t\t\t\t\t\t\t\t\t<figcaption class=\"widget-image-caption wp-caption-text\">Syrische Dom\u00e4nen<\/figcaption>\n\t\t\t\t\t\t\t\t\t\t<\/figure>\n\t\t\t\t\t\t\t\t\t<\/div>\n\t\t\t\t<\/div>\n\t\t\t\t<\/div>\n\t\t\t\t<\/div>\n\t\t\t\t<\/div>\n\t\t<div class=\"elementor-element elementor-element-e643ac1 e-con-full e-flex e-con e-child\" data-id=\"e643ac1\" data-element_type=\"container\">\n\t\t<div class=\"elementor-element elementor-element-a0dcf7a e-flex e-con-boxed e-con e-child\" data-id=\"a0dcf7a\" data-element_type=\"container\" data-settings=\"{&quot;background_background&quot;:&quot;classic&quot;}\">\n\t\t\t\t\t<div class=\"e-con-inner\">\n\t\t\t\t<div class=\"elementor-element elementor-element-615886b elementor-vertical-align-top elementor-widget elementor-widget-image-box\" data-id=\"615886b\" data-element_type=\"widget\" data-widget_type=\"image-box.default\">\n\t\t\t\t<div class=\"elementor-widget-container\">\n\t\t\t\t\t<div class=\"elementor-image-box-wrapper\"><div class=\"elementor-image-box-content\"><h2 class=\"elementor-image-box-title\">Dot SY Hosting<\/h2><p class=\"elementor-image-box-description\"> <a href=\"https:\/\/dotsy.ovh\/de\/\" target=\"_blank\" rel=\"noopener noreferrer\">Ein f\u00fchrendes <\/a>Website-Hosting-Unternehmen in Syrien, als Teil seiner Dienstleistungen\n<b>\n <a href=\"https:\/\/nobalaa.com\" target=\"_blank\" rel=\"noopener noreferrer\"> \nNoblaa Company \n<\/a><\/b>\n\n Wir bieten hochwertige Hosting-Dienste mit syrischen Domains zu wettbewerbsf\u00e4higen Preisen. Wir sind vom <b>Ministerium f\u00fcr Kommunikation<\/b> und <b>Technologie und der National Information Technology Services Agency<\/b> akkreditiert und bem\u00fchen uns, die Bed\u00fcrfnisse unserer Kunden im Einklang mit den sich \u00e4ndernden Marktanforderungen zu erf\u00fcllen.\n<\/p><\/div><\/div>\t\t\t\t<\/div>\n\t\t\t\t<\/div>\n\t\t\t\t<div class=\"elementor-element elementor-element-42f1a58 elementor-widget elementor-widget-text-editor\" data-id=\"42f1a58\" data-element_type=\"widget\" data-widget_type=\"text-editor.default\">\n\t\t\t\t<div class=\"elementor-widget-container\">\n\t\t\t\t\t\t\t\t\t<p>Dank unseres schnellen und zuverl\u00e4ssigen Hostings erzielen unsere Kunden beeindruckende Ergebnisse. So k\u00f6nnen sie ihre Energie auf das sichere und effiziente Wachstum ihres Unternehmens konzentrieren.<\/p>\t\t\t\t\t\t\t\t<\/div>\n\t\t\t\t<\/div>\n\t\t\t\t\t<\/div>\n\t\t\t\t<\/div>\n\t\t\t\t<\/div>\n\t\t\t\t\t<\/div>\n\t\t\t\t<\/div>\n\t\t<div class=\"elementor-element elementor-element-b623994 e-grid e-con-full e-con e-parent\" data-id=\"b623994\" data-element_type=\"container\" data-settings=\"{&quot;background_background&quot;:&quot;classic&quot;}\">\n\t\t\t\t<div class=\"elementor-element elementor-element-5e2391f elementor-view-default elementor-position-block-start elementor-mobile-position-block-start elementor-widget elementor-widget-icon-box\" data-id=\"5e2391f\" data-element_type=\"widget\" data-widget_type=\"icon-box.default\">\n\t\t\t\t<div class=\"elementor-widget-container\">\n\t\t\t\t\t\t\t<div class=\"elementor-icon-box-wrapper\">\n\n\t\t\t\t\t\t<div class=\"elementor-icon-box-icon\">\n\t\t\t\t<span  class=\"elementor-icon\">\n\t\t\t\t<i aria-hidden=\"true\" class=\"far fa-envelope\"><\/i>\t\t\t\t<\/span>\n\t\t\t<\/div>\n\t\t\t\n\t\t\t\t\t\t<div class=\"elementor-icon-box-content\">\n\n\t\t\t\t\t\t\t\t\t<h3 class=\"elementor-icon-box-title\">\n\t\t\t\t\t\t<span  >\n\t\t\t\t\t\t\tUnsere Mission \t\t\t\t\t\t<\/span>\n\t\t\t\t\t<\/h3>\n\t\t\t\t\n\t\t\t\t\t\t\t\t\t<p class=\"elementor-icon-box-description\">\n\t\t\t\t\t\tUnsere Mission ist es, qualitativ hochwertige Hosting-Dienste bereitzustellen, die den Erfolg unserer Kunden in der digitalen Welt durch die Bereitstellung innovativer, zuverl\u00e4ssiger und kosteng\u00fcnstiger L\u00f6sungen unterst\u00fctzen.\t\t\t\t\t<\/p>\n\t\t\t\t\n\t\t\t<\/div>\n\t\t\t\n\t\t<\/div>\n\t\t\t\t\t\t<\/div>\n\t\t\t\t<\/div>\n\t\t\t\t<div class=\"elementor-element elementor-element-db26dd7 elementor-view-default elementor-position-block-start elementor-mobile-position-block-start elementor-widget elementor-widget-icon-box\" data-id=\"db26dd7\" data-element_type=\"widget\" data-widget_type=\"icon-box.default\">\n\t\t\t\t<div class=\"elementor-widget-container\">\n\t\t\t\t\t\t\t<div class=\"elementor-icon-box-wrapper\">\n\n\t\t\t\t\t\t<div class=\"elementor-icon-box-icon\">\n\t\t\t\t<span  class=\"elementor-icon\">\n\t\t\t\t<i aria-hidden=\"true\" class=\"far fa-gem\"><\/i>\t\t\t\t<\/span>\n\t\t\t<\/div>\n\t\t\t\n\t\t\t\t\t\t<div class=\"elementor-icon-box-content\">\n\n\t\t\t\t\t\t\t\t\t<h3 class=\"elementor-icon-box-title\">\n\t\t\t\t\t\t<span  >\n\t\t\t\t\t\t\tUnsere Werte\t\t\t\t\t\t<\/span>\n\t\t\t\t\t<\/h3>\n\t\t\t\t\n\t\t\t\t\t\t\t\t\t<p class=\"elementor-icon-box-description\">\n\t\t\t\t\t\tWir verpflichten uns, hervorragende Dienstleistungen zu erbringen, die durch Innovation und Zuverl\u00e4ssigkeit die Kundenzufriedenheit sicherstellen. Mit dem Schwerpunkt auf der Entwicklung langfristiger Beziehungen zur lokalen Gemeinschaft und unseren Kunden.\t\t\t\t\t<\/p>\n\t\t\t\t\n\t\t\t<\/div>\n\t\t\t\n\t\t<\/div>\n\t\t\t\t\t\t<\/div>\n\t\t\t\t<\/div>\n\t\t\t\t<div class=\"elementor-element elementor-element-5bec4c9 elementor-view-default elementor-position-block-start elementor-mobile-position-block-start elementor-widget elementor-widget-icon-box\" data-id=\"5bec4c9\" data-element_type=\"widget\" data-widget_type=\"icon-box.default\">\n\t\t\t\t<div class=\"elementor-widget-container\">\n\t\t\t\t\t\t\t<div class=\"elementor-icon-box-wrapper\">\n\n\t\t\t\t\t\t<div class=\"elementor-icon-box-icon\">\n\t\t\t\t<span  class=\"elementor-icon\">\n\t\t\t\t<i aria-hidden=\"true\" class=\"far fa-star\"><\/i>\t\t\t\t<\/span>\n\t\t\t<\/div>\n\t\t\t\n\t\t\t\t\t\t<div class=\"elementor-icon-box-content\">\n\n\t\t\t\t\t\t\t\t\t<h3 class=\"elementor-icon-box-title\">\n\t\t\t\t\t\t<span  >\n\t\t\t\t\t\t\tUnsere Vision\t\t\t\t\t\t<\/span>\n\t\t\t\t\t<\/h3>\n\t\t\t\t\n\t\t\t\t\t\t\t\t\t<p class=\"elementor-icon-box-description\">\n\t\t\t\t\t\tWir streben danach, die erste Wahl f\u00fcr Website-Hosting in Syrien zu sein, indem wir au\u00dfergew\u00f6hnliche und bahnbrechende Dienste anbieten, die die Online-Pr\u00e4senz unserer Kunden verbessern.\t\t\t\t\t<\/p>\n\t\t\t\t\n\t\t\t<\/div>\n\t\t\t\n\t\t<\/div>\n\t\t\t\t\t\t<\/div>\n\t\t\t\t<\/div>\n\t\t\t\t<\/div>\n\t\t\t\t<\/div>\n\t\t","protected":false},"excerpt":{"rendered":"<p>\u00dcber das Unternehmen Ein f\u00fchrender Anbieter von syrischen Website-Hosting-Diensten Globales Hosting Syrische Dom\u00e4nen Dot SY Hosting Ein f\u00fchrendes Website-Hosting-Unternehmen in Syrien, als Teil seiner Dienstleistungen Noblaa Company Wir bieten hochwertige Hosting-Dienste mit syrischen Domains zu wettbewerbsf\u00e4higen Preisen. Wir sind vom Ministerium f\u00fcr Kommunikation und Technologie und der National Information Technology Services Agency akkreditiert und bem\u00fchen [&hellip;]<\/p>\n","protected":false},"author":1,"featured_media":0,"parent":0,"menu_order":0,"comment_status":"closed","ping_status":"closed","template":"","meta":{"site-sidebar-layout":"no-sidebar","site-content-layout":"page-builder","ast-site-content-layout":"default","site-content-style":"default","site-sidebar-style":"default","ast-global-header-display":"","ast-banner-title-visibility":"","ast-main-header-display":"","ast-hfb-above-header-display":"","ast-hfb-below-header-display":"","ast-hfb-mobile-header-display":"","site-post-title":"disabled","ast-breadcrumbs-content":"","ast-featured-img":"disabled","footer-sml-layout":"","ast-disable-related-posts":"","theme-transparent-header-meta":"enabled","adv-header-id-meta":"","stick-header-meta":"","header-above-stick-meta":"","header-main-stick-meta":"","header-below-stick-meta":"","astra-migrate-meta-layouts":"default","ast-page-background-enabled":"default","ast-page-background-meta":{"desktop":{"background-color":"","background-image":"","background-repeat":"repeat","background-position":"center center","background-size":"auto","background-attachment":"scroll","background-type":"","background-media":"","overlay-type":"","overlay-color":"","overlay-opacity":"","overlay-gradient":""},"tablet":{"background-color":"","background-image":"","background-repeat":"repeat","background-position":"center center","background-size":"auto","background-attachment":"scroll","background-type":"","background-media":"","overlay-type":"","overlay-color":"","overlay-opacity":"","overlay-gradient":""},"mobile":{"background-color":"","background-image":"","background-repeat":"repeat","background-position":"center center","background-size":"auto","background-attachment":"scroll","background-type":"","background-media":"","overlay-type":"","overlay-color":"","overlay-opacity":"","overlay-gradient":""}},"ast-content-background-meta":{"desktop":{"background-color":"var(--ast-global-color-5)","background-image":"","background-repeat":"repeat","background-position":"center center","background-size":"auto","background-attachment":"scroll","background-type":"","background-media":"","overlay-type":"","overlay-color":"","overlay-opacity":"","overlay-gradient":""},"tablet":{"background-color":"var(--ast-global-color-5)","background-image":"","background-repeat":"repeat","background-position":"center center","background-size":"auto","background-attachment":"scroll","background-type":"","background-media":"","overlay-type":"","overlay-color":"","overlay-opacity":"","overlay-gradient":""},"mobile":{"background-color":"var(--ast-global-color-5)","background-image":"","background-repeat":"repeat","background-position":"center center","background-size":"auto","background-attachment":"scroll","background-type":"","background-media":"","overlay-type":"","overlay-color":"","overlay-opacity":"","overlay-gradient":""}},"footnotes":""},"class_list":["post-26630","page","type-page","status-publish","hentry"],"_links":{"self":[{"href":"https:\/\/dotsy.ovh\/de\/wp-json\/wp\/v2\/pages\/26630","targetHints":{"allow":["GET"]}}],"collection":[{"href":"https:\/\/dotsy.ovh\/de\/wp-json\/wp\/v2\/pages"}],"about":[{"href":"https:\/\/dotsy.ovh\/de\/wp-json\/wp\/v2\/types\/page"}],"author":[{"embeddable":true,"href":"https:\/\/dotsy.ovh\/de\/wp-json\/wp\/v2\/users\/1"}],"replies":[{"embeddable":true,"href":"https:\/\/dotsy.ovh\/de\/wp-json\/wp\/v2\/comments?post=26630"}],"version-history":[{"count":4,"href":"https:\/\/dotsy.ovh\/de\/wp-json\/wp\/v2\/pages\/26630\/revisions"}],"predecessor-version":[{"id":27165,"href":"https:\/\/dotsy.ovh\/de\/wp-json\/wp\/v2\/pages\/26630\/revisions\/27165"}],"wp:attachment":[{"href":"https:\/\/dotsy.ovh\/de\/wp-json\/wp\/v2\/media?parent=26630"}],"curies":[{"name":"wp","href":"https:\/\/api.w.org\/{rel}","templated":true}]}}