{"id":26942,"date":"2025-08-10T11:52:38","date_gmt":"2025-08-10T11:52:38","guid":{"rendered":"https:\/\/dotsy.ovh\/reservieren-sie-ihre-domain\/"},"modified":"2025-09-11T11:36:44","modified_gmt":"2025-09-11T11:36:44","slug":"reservieren-sie-ihre-domain","status":"publish","type":"page","link":"https:\/\/dotsy.ovh\/de\/reservieren-sie-ihre-domain\/","title":{"rendered":"Reservieren Sie Ihre Domain"},"content":{"rendered":"\t\t<div data-elementor-type=\"wp-page\" data-elementor-id=\"26942\" class=\"elementor elementor-26942 elementor-26902\">\n\t\t\t\t<div class=\"elementor-element elementor-element-31dcf6c e-flex e-con-boxed e-con e-parent\" data-id=\"31dcf6c\" data-element_type=\"container\" data-settings=\"{&quot;background_background&quot;:&quot;classic&quot;}\">\n\t\t\t\t\t<div class=\"e-con-inner\">\n\t\t<div class=\"elementor-element elementor-element-2c317f3 e-con-full e-flex e-con e-child\" data-id=\"2c317f3\" data-element_type=\"container\">\n\t\t\t\t<div class=\"elementor-element elementor-element-4de59ea elementor-widget elementor-widget-hfe-infocard\" data-id=\"4de59ea\" data-element_type=\"widget\" data-widget_type=\"hfe-infocard.default\">\n\t\t\t\t<div class=\"elementor-widget-container\">\n\t\t\t\t\t\n\t\t<div class=\"hfe-infocard\">\n\t\t\t\t\t\t\t\t\t<div class=\"hfe-infocard-title-wrap\">\n\t\t\t\t<h1 class=\"hfe-infocard-title elementor-inline-editing\" data-elementor-setting-key=\"infocard_title\" data-elementor-inline-editing-toolbar=\"basic\" >Reservieren Sie Ihre Domain <\/h1>\t\t\t<\/div>\n\t\t\t\t\t\t<div class=\"hfe-infocard-text-wrap\">\n\t\t\t\t<div class=\"hfe-infocard-text elementor-inline-editing\" data-elementor-setting-key=\"infocard_description\" data-elementor-inline-editing-toolbar=\"advanced\">\n\t\t\t\t\tRegistrieren Sie Ihre nationale Domain einfach und sicher\t\t\t\t<\/div>\n\t\t\t\t\t\t\t<\/div>\n\t\t<\/div>\n\n\t\t\t\t\t\t<\/div>\n\t\t\t\t<\/div>\n\t\t\t\t<\/div>\n\t\t\t\t\t<\/div>\n\t\t\t\t<\/div>\n\t\t<div class=\"elementor-element elementor-element-72dc056 e-flex e-con-boxed e-con e-parent\" data-id=\"72dc056\" data-element_type=\"container\" data-settings=\"{&quot;background_background&quot;:&quot;classic&quot;,&quot;shape_divider_bottom&quot;:&quot;waves&quot;}\">\n\t\t\t\t\t<div class=\"e-con-inner\">\n\t\t\t\t<div class=\"elementor-shape elementor-shape-bottom\" aria-hidden=\"true\" data-negative=\"false\">\n\t\t\t<svg xmlns=\"http:\/\/www.w3.org\/2000\/svg\" viewBox=\"0 0 1000 100\" preserveAspectRatio=\"none\">\n\t<path class=\"elementor-shape-fill\" d=\"M421.9,6.5c22.6-2.5,51.5,0.4,75.5,5.3c23.6,4.9,70.9,23.5,100.5,35.7c75.8,32.2,133.7,44.5,192.6,49.7\n\tc23.6,2.1,48.7,3.5,103.4-2.5c54.7-6,106.2-25.6,106.2-25.6V0H0v30.3c0,0,72,32.6,158.4,30.5c39.2-0.7,92.8-6.7,134-22.4\n\tc21.2-8.1,52.2-18.2,79.7-24.2C399.3,7.9,411.6,7.5,421.9,6.5z\"\/>\n<\/svg>\t\t<\/div>\n\t\t<div class=\"elementor-element elementor-element-4529cc1 e-con-full e-flex e-con e-child\" data-id=\"4529cc1\" data-element_type=\"container\">\n\t\t<div class=\"elementor-element elementor-element-16645c9 e-flex e-con-boxed e-con e-child\" data-id=\"16645c9\" data-element_type=\"container\" data-settings=\"{&quot;background_background&quot;:&quot;classic&quot;}\">\n\t\t\t\t\t<div class=\"e-con-inner\">\n\t\t\t\t<div class=\"elementor-element elementor-element-f0bd7d4 elementor-vertical-align-top elementor-widget elementor-widget-image-box\" data-id=\"f0bd7d4\" data-element_type=\"widget\" data-widget_type=\"image-box.default\">\n\t\t\t\t<div class=\"elementor-widget-container\">\n\t\t\t\t\t<div class=\"elementor-image-box-wrapper\"><div class=\"elementor-image-box-content\"><h2 class=\"elementor-image-box-title\">Ihr Domainname ist Ihre digitale Identit\u00e4t \u2013 buchen Sie ihn jetzt<\/h2><\/div><\/div>\t\t\t\t<\/div>\n\t\t\t\t<\/div>\n\t\t\t\t<div class=\"elementor-element elementor-element-6de11a9 elementor-widget elementor-widget-text-editor\" data-id=\"6de11a9\" data-element_type=\"widget\" data-widget_type=\"text-editor.default\">\n\t\t\t\t<div class=\"elementor-widget-container\">\n\t\t\t\t\t\t\t\t\t<p><strong style=\"color: #3aa6b9;\">Dom\u00e4nenreservierung<\/strong>: Dies ist ein Dom\u00e4nennamen-Reservierungsservice f\u00fcr den Kunden unter den syrischen nationalen Dom\u00e4nennamen (.Syria) und (.sy). Der Kunde kann einen Dom\u00e4nennamen direkt aus der zweiten Ebene (Beispiel: Dom\u00e4nenname.Syria \/ Dom\u00e4nenname.sy) oder aus der dritten Ebene (Beispiel: Dom\u00e4nenname.com.sy\/Dom\u00e4nenname.edu.sy\/&#8230;.) reservieren.   <\/p>\t\t\t\t\t\t\t\t<\/div>\n\t\t\t\t<\/div>\n\t\t\t\t<div class=\"elementor-element elementor-element-b6594ca elementor-widget elementor-widget-text-editor\" data-id=\"b6594ca\" data-element_type=\"widget\" data-widget_type=\"text-editor.default\">\n\t\t\t\t<div class=\"elementor-widget-container\">\n\t\t\t\t\t\t\t\t\t<p><b>Erforderliche Unterlagen:<\/b><\/p><p>1. Ein unterschriebenes und abgestempeltes Reservierungsanfrageformular gem\u00e4\u00df folgender Vorlage:<\/p><p>Arabische Dom\u00e4ne: <a href=\"https:\/\/dotsy.ovh\/wp-content\/uploads\/2025\/08\/%D8%A7%D8%B3%D8%AA%D9%85%D8%A7%D8%B1%D8%A9-2025-%D9%86%D8%B8%D8%A7%D9%82-%D8%B9%D8%B1%D8%A8%D9%8A-nobalaa.pdf\" target=\"_blank\" rel=\"noopener\">Laden Sie die Datei herunter<\/a>.<br>Englische Dom\u00e4ne: <a href=\"https:\/\/dotsy.ovh\/wp-content\/uploads\/2025\/08\/%D8%A7%D8%B3%D8%AA%D9%85%D8%A7%D8%B1%D8%A9-2025-%D8%A7%D9%86%D9%83%D9%84%D9%8A%D8%B2%D9%8A-nobalaa.pdf\" target=\"_blank\" rel=\"noopener\">Laden Sie die Datei herunter<\/a>.<\/p><p>2. Ausweisfoto f\u00fcr Privatpersonen<\/p><p>3. Handelsregister bei Unternehmen, bzw. Lizenz oder Anzeige bei Personen- oder Gewerkschaftsorganisationen.<\/p><p>4. Zahlungsbenachrichtigung f\u00fcr die Reservierungsgeb\u00fchr bei Bankzahlung<\/p><p>Reservierungen werden innerhalb von 1 Stunde bis 48 Arbeitsstunden vorgenommen.<\/p><p><b>Um sicherzustellen, dass der Dom\u00e4nenname zur Reservierung verf\u00fcgbar ist, <a href=\"https:\/\/whois.tld.sy\/\" target=\"_blank\" rel=\"noopener noreferrer\">klicken Sie hier<\/a>.<\/b><\/p><p><b style=\"color: #e20000;\">Hinweis:<\/b> Das Gesetz zur Gr\u00fcndung von Handelsgesellschaften und die Handelsregister verlangen als Grundvoraussetzung f\u00fcr die Registrierung und Erneuerung des Unternehmens ein syrisches nationales Dom\u00e4nenregistrierungsdokument.<\/p>\t\t\t\t\t\t\t\t<\/div>\n\t\t\t\t<\/div>\n\t\t\t\t\t<\/div>\n\t\t\t\t<\/div>\n\t\t\t\t<\/div>\n\t\t\t\t\t<\/div>\n\t\t\t\t<\/div>\n\t\t<div class=\"elementor-element elementor-element-879bc70 e-grid e-con-boxed e-con e-parent\" data-id=\"879bc70\" data-element_type=\"container\" data-settings=\"{&quot;background_background&quot;:&quot;classic&quot;}\">\n\t\t\t\t\t<div class=\"e-con-inner\">\n\t\t\t\t<div class=\"elementor-element elementor-element-1b4f118 elementor-widget elementor-widget-heading\" data-id=\"1b4f118\" data-element_type=\"widget\" data-widget_type=\"heading.default\">\n\t\t\t\t<div class=\"elementor-widget-container\">\n\t\t\t\t\t<h2 class=\"elementor-heading-title elementor-size-default\">Allgemeine Gesch\u00e4ftsbedingungen f\u00fcr die Registrierung von Dom\u00e4nennamen<\/h2>\t\t\t\t<\/div>\n\t\t\t\t<\/div>\n\t\t\t\t\t<\/div>\n\t\t\t\t<\/div>\n\t\t<div class=\"elementor-element elementor-element-22f61a5 e-grid e-con-boxed e-con e-parent\" data-id=\"22f61a5\" data-element_type=\"container\" data-settings=\"{&quot;background_background&quot;:&quot;classic&quot;}\">\n\t\t\t\t\t<div class=\"e-con-inner\">\n\t\t<div class=\"elementor-element elementor-element-2d5f89a e-con-full e-flex e-con e-child\" data-id=\"2d5f89a\" data-element_type=\"container\" data-settings=\"{&quot;background_background&quot;:&quot;classic&quot;}\">\n\t\t\t\t<div class=\"elementor-element elementor-element-886dbcc elementor-widget elementor-widget-text-editor\" data-id=\"886dbcc\" data-element_type=\"widget\" data-widget_type=\"text-editor.default\">\n\t\t\t\t<div class=\"elementor-widget-container\">\n\t\t\t\t\t\t\t\t\t<p>1. Die Priorit\u00e4t bei der Registrierung von Dom\u00e4nennamen richtet sich nach dem Eingangsdatum des Antrags bei der Beh\u00f6rde, ohne dass zwischen einzelnen Antr\u00e4gen unterschieden oder Ausnahmen gemacht werden. F\u00fcr die Bestimmung von Uhrzeit und Datum sind die Angaben im syrischen nationalen Dom\u00e4nenregister ma\u00dfgeblich.<\/p><p>2. Das Unternehmen und die Beh\u00f6rde sind nicht Partei in Rechtsstreitigkeiten, die sich aus dem Inhalt des Dom\u00e4nennamens ergeben.<\/p><p>3. Es ist verboten, die Website in einer Weise zu nutzen, die gegen allgemeine \u00f6ffentliche Werte und Moral verst\u00f6\u00dft oder Religionen, L\u00e4nder, St\u00e4dte oder nat\u00fcrliche oder juristische Personen beleidigt. <\/p><p>4. Ein Dom\u00e4nenname kann f\u00fcr einen Zeitraum von einem Kalenderjahr (oder l\u00e4nger, bis zu 10 Jahren) registriert oder verl\u00e4ngert werden.<\/p>\t\t\t\t\t\t\t\t<\/div>\n\t\t\t\t<\/div>\n\t\t\t\t<\/div>\n\t\t<div class=\"elementor-element elementor-element-fb4402b e-con-full e-flex e-con e-child\" data-id=\"fb4402b\" data-element_type=\"container\" data-settings=\"{&quot;background_background&quot;:&quot;classic&quot;}\">\n\t\t\t\t<div class=\"elementor-element elementor-element-5ac6041 elementor-widget elementor-widget-text-editor\" data-id=\"5ac6041\" data-element_type=\"widget\" data-widget_type=\"text-editor.default\">\n\t\t\t\t<div class=\"elementor-widget-container\">\n\t\t\t\t\t\t\t\t\t<p>5. Die Registrierung eines Dom\u00e4nennamens verleiht dem Kunden weder ein Eigentumsrecht an diesem Namen noch ein Recht am geistigen Eigentum des Dom\u00e4nennamens. Vielmehr handelt es sich lediglich um eine exklusive Lizenz zur Nutzung der Dom\u00e4ne (d. h. eine Pacht) f\u00fcr einen bestimmten, verl\u00e4ngerbaren Zeitraum. <\/p><p>6. Es ist unter keinen Umst\u00e4nden zul\u00e4ssig, einen Dom\u00e4nennamen, der Regierungsbeh\u00f6rden geh\u00f6rt, zugunsten einer privaten Einrichtung zu registrieren.<\/p><p>7. Das Unternehmen und die Beh\u00f6rde haben das Recht, einen Antrag auf Registrierung eines Dom\u00e4nennamens abzulehnen, wenn gegen die Bedingungen f\u00fcr die Reservierung des Dom\u00e4nennamens versto\u00dfen wird.<\/p><p>8. Das Unternehmen und die IT-Beh\u00f6rde haben das Recht, die Registrierung einer beliebigen Dom\u00e4ne zu stornieren, auch wenn sie registriert wurde, im Falle eines Versto\u00dfes gegen die Registrierungsregeln (z. B. ein durch eine Marke gesch\u00fctzter Name \u2013 Registrierung eines Personennamens auf der ersten Ebene oder des Namens einer bekannten globalen Website wie YouTube usw.).<\/p>\t\t\t\t\t\t\t\t<\/div>\n\t\t\t\t<\/div>\n\t\t\t\t<\/div>\n\t\t\t\t\t<\/div>\n\t\t\t\t<\/div>\n\t\t<div class=\"elementor-element elementor-element-b77b3c6 e-grid e-con-boxed e-con e-parent\" data-id=\"b77b3c6\" data-element_type=\"container\" data-settings=\"{&quot;background_background&quot;:&quot;classic&quot;}\">\n\t\t\t\t\t<div class=\"e-con-inner\">\n\t\t<div class=\"elementor-element elementor-element-9c39547 e-con-full e-flex e-con e-child\" data-id=\"9c39547\" data-element_type=\"container\" data-settings=\"{&quot;background_background&quot;:&quot;classic&quot;}\">\n\t\t\t\t<div class=\"elementor-element elementor-element-3dde566 elementor-widget elementor-widget-heading\" data-id=\"3dde566\" data-element_type=\"widget\" data-widget_type=\"heading.default\">\n\t\t\t\t<div class=\"elementor-widget-container\">\n\t\t\t\t\t<h2 class=\"elementor-heading-title elementor-size-default\">Dom\u00e4nennamenformat:<\/h2>\t\t\t\t<\/div>\n\t\t\t\t<\/div>\n\t\t\t\t<div class=\"elementor-element elementor-element-571d797 elementor-widget elementor-widget-text-editor\" data-id=\"571d797\" data-element_type=\"widget\" data-widget_type=\"text-editor.default\">\n\t\t\t\t<div class=\"elementor-widget-container\">\n\t\t\t\t\t\t\t\t\t<p><strong>A. Der syrische nationale Dom\u00e4nenname in arabischen Buchstaben: <\/strong><\/p><ul><li>Nur arabische Buchstaben einschlie\u00dfen.<\/li><li>Dass ein Satz mit einem Buchstaben beginnt, nicht mit einem Bindestrich \u201e-\u201c endet und nicht zwei aufeinanderfolgende Bindestriche enth\u00e4lt. \u201e\u2014\u201c <\/li><li>Die Anzahl der im Namen verwendeten Zeichen darf 63 Zeichen nicht \u00fcberschreiten und darf nicht weniger als zwei Zeichen betragen.<\/li><li>Die W\u00f6rter d\u00fcrfen nicht miteinander verbunden sein und der Name darf keine Leerzeichen enthalten. Diese k\u00f6nnen durch einen Bindestrich ersetzt werden.<\/li><li>Der Name darf weder den Shadda-Buchstaben \u201e\u0651\u201c noch diakritische Zeichen enthalten.<\/li><li>Der Name darf weder die Verl\u00e4ngerung noch das Kashida-Zeichen \u201e\u0640\u0640\u0640\u0640\u201c enthalten.<\/li><li>Verwenden Sie die Null \u201e0\u201c nicht als Trennzeichen zwischen W\u00f6rtern.<\/li><\/ul><p><strong>B. Der syrische nationale Dom\u00e4nenname in lateinischen Buchstaben: <\/strong><\/p><ul><li>Es muss aus lateinischen Buchstaben (A-Z) bestehen und darf nicht zwischen Klein- und Gro\u00dfbuchstaben oder Zahlen (0-9), dem Bindestrich \u201e-\u201c oder einer Kombination davon unterscheiden. Die Verwendung von Zeichen aus anderen Sprachen ist nicht zul\u00e4ssig.   <\/li><li>Er muss mit einem Buchstaben oder einer Zahl (A-Z, 0-9) beginnen und enden und zwischen den Buchstaben des Namens sind keine Leerzeichen zul\u00e4ssig.<\/li><li>Die Anzahl der im Namen verwendeten Zeichen darf 63 Zeichen nicht \u00fcberschreiten und darf nicht weniger als 2 Zeichen betragen.<\/li><\/ul>\t\t\t\t\t\t\t\t<\/div>\n\t\t\t\t<\/div>\n\t\t\t\t<\/div>\n\t\t<div class=\"elementor-element elementor-element-aa51134 e-con-full e-flex e-con e-child\" data-id=\"aa51134\" data-element_type=\"container\" data-settings=\"{&quot;background_background&quot;:&quot;classic&quot;}\">\n\t\t\t\t<div class=\"elementor-element elementor-element-542c726 elementor-widget elementor-widget-heading\" data-id=\"542c726\" data-element_type=\"widget\" data-widget_type=\"heading.default\">\n\t\t\t\t<div class=\"elementor-widget-container\">\n\t\t\t\t\t<h2 class=\"elementor-heading-title elementor-size-default\">Anforderungen f\u00fcr die Auswahl des Dom\u00e4nennamens:<\/h2>\t\t\t\t<\/div>\n\t\t\t\t<\/div>\n\t\t\t\t<div class=\"elementor-element elementor-element-10525bd domintext elementor-widget elementor-widget-text-editor\" data-id=\"10525bd\" data-element_type=\"widget\" data-widget_type=\"text-editor.default\">\n\t\t\t\t<div class=\"elementor-widget-container\">\n\t\t\t\t\t\t\t\t\t<ul><li>Der Dom\u00e4nenname muss mit dem Antragsteller in Verbindung stehen und darf nicht in b\u00f6ser Absicht registriert worden sein, um die Rechte anderer zu verletzen.<\/li><li>Der Name darf keine eingetragene Marke oder ein bekannter Name (z. B. der Name einer Ber\u00fchmtheit) sein, es sei denn, es liegt eine schriftliche Genehmigung der betreffenden Partei vor. Die Beh\u00f6rde hat das Recht, die Registrierung des Namens ohne Genehmigung abzulehnen.  <\/li><li>Namen, die W\u00f6rter mit unangemessener Bedeutung (in jeder Sprache) enthalten oder im Widerspruch zu Religionen, Br\u00e4uchen oder geltenden Gesetzen und Vorschriften der Arabischen Republik Syrien stehen, d\u00fcrfen nicht registriert werden.<\/li><li>Die Beh\u00f6rde legt Namen mit besonderer Bedeutung fest, die nur unter folgenden besonderen Bedingungen als Second-Level-Domains registriert werden d\u00fcrfen:<\/li><li style=\"list-style-type: none;\"> <\/li><\/ul><div class=\"d-flex justify-content-center\"><table class=\"table table-bordered text-center ms-2 w-75\"><thead class=\"thead-dark\"><tr class=\"text-center\"><th class=\"align-middle\">Beispiele<\/th> <th class=\"align-middle\">f\u00fcr Namen mit besonderer Bedeutung<\/th><\/tr><\/thead><tbody><tr><td class=\"align-middle\">biz.sy <\/td><td class=\"align-middle\">Globale generische Dom\u00e4nennamen<\/td><\/tr><tr><td class=\"align-middle\">engineer.sy<\/td><td class=\"align-middle\">Berufsbezeichnungen<\/td><\/tr><tr><td class=\"align-middle\">homs.sy<\/td> <td class=\"align-middle\">Namen von Gouvernoraten, St\u00e4dten, Regionen und L\u00e4ndern<\/td><\/tr><tr><td class=\"align-middle\">sami.sy<\/td> <td class=\"align-middle\">Personennamen<\/td><\/tr><tr><td class=\"align-middle\">english.sy<\/td> <td class=\"align-middle\">Sprachen<\/td><\/tr><tr><td class=\"align-middle\">youtube.sy<\/td><td class=\"align-middle\"> Globale Markennamen<\/td><\/tr><\/tbody><\/table><\/div><p>Folgende spezielle Domainnamen k\u00f6nnen unter besonderen Bedingungen als Second-Level-Domains registriert werden:<\/p><p>Namen von Gouvernoraten, St\u00e4dten, Regionen und L\u00e4ndern: Diese d\u00fcrfen nur an Regierungsbeh\u00f6rden weitergegeben werden. Einzelpersonen und private Einrichtungen m\u00fcssen ein Wort oder eine Zahl gem\u00e4\u00df dem folgenden Beispiel hinzuf\u00fcgen: (Homs-accountants.sy)  <\/p><ul><li>Berufsbezeichnungen, Personennamen und Sprachen: Wird ein Wort oder eine Zahl nach folgendem Beispiel hinzugef\u00fcgt: (samiothman.sy, sami-othman.sy, sami1.sy)  <\/li><li>Globale Markennamen: vorausgesetzt, dass eine Genehmigung oder Vertretung vom Markeninhaber vorliegt. <\/li><li>Die Beh\u00f6rde legt die Regeln fest, die F\u00e4lle visueller \u00c4hnlichkeit zwischen in arabischen Buchstaben registrierten Dom\u00e4nen bestimmen. Die Beh\u00f6rde ist f\u00fcr die Beurteilung des \u00c4hnlichkeitsgrades verantwortlich und kann die Registrierung eines Dom\u00e4nennamens ablehnen, wenn dieser zu Verwechslungen mit anderen registrierten Dom\u00e4nennamen f\u00fchrt, und zwar wie folgt:<ul><li>\u00c4hnlichkeiten zwischen Dom\u00e4nennamen, die mehr als eine durch einen Bindestrich (-) getrennte Silbe enthalten, und demselben Dom\u00e4nennamen ohne Bindestrich (-), sofern am Ende jeder Silbe des Dom\u00e4nennamens (mit Ausnahme der letzten Silbe) ein \u201eta marbuta\u201c (\u0629) steht.<br>Beispiele: (Damascus-University.Syria und Damascus-University.Syria) und (Damascus-University-Journal.Syria und Damascus-University-Journal.Syria). <\/li><li>Die \u00c4hnlichkeit, die sich aus dem Buchstaben Alif in seinen verschiedenen Formen mit Hamzas und langen Vokalen (A I A A) ergibt, z. B.: (Ahmed.Syria, AAhmed.Syria, Ihmad.Syria) sind Synonyme f\u00fcr die Dom\u00e4ne: (Ahmed.Syria).   <\/li><li>Die \u00c4hnlichkeit, die sich aus dem Buchstaben Alif Maqsura (\u0649) und dem Buchstaben Ya am Ende des Dom\u00e4nennamens ergibt oder wenn er direkt nach dem Bindestrich (-) oder direkt nach einer Zahl kommt,<br>Beispiel: (forum.syria und forum.syria). <\/li><li>Die \u00c4hnlichkeit, die sich aus den Buchstaben ha und ta ergibt, wenn sie am Ende des Wortes stehen oder wenn sie direkt nach dem Bindestrich (-) oder wenn sie direkt nach einer Zahl stehen,<br>Beispiel: (city.Syria und city.Syria). <\/li><li>Die \u00c4hnlichkeit, die sich aus dem Buchstaben Haa (\u0647) ergibt, der am Ende des Wortes getrennt ist, und der Zahl 5 im Arabischen,<br>Beispiel: (Rafa.Syria und Rafa5.Syria). <\/li><li>Die \u00c4hnlichkeit zwischen dem Buchstaben A und der Zahl 1 im Bereich,<br>Beispiel: (Raed.Syria und Raed.Syria). <\/li><li>Die \u00c4hnlichkeit, die sich aus der Wiederholung eines Buchstabens aus den unverbundenen Buchstaben ergibt,<br>Beispiel: (Syriabook.Syria und Syriabook.Syria). <\/li><\/ul><\/li><\/ul><ul><li>Die Beh\u00f6rde legt generische Dom\u00e4nennamen fest, die von Kunden nicht registriert werden k\u00f6nnen, und legt die Bedingungen f\u00fcr die Registrierung dieser Dom\u00e4nen als Dom\u00e4nennamen der dritten Ebene wie folgt fest: <ul><li>edu.sy: Speziell f\u00fcr den Bildungssektor. Vom Ministerium f\u00fcr Hochschulbildung oder vom Bildungsministerium anerkannte Bildungseinrichtungen k\u00f6nnen sich unter dieser Adresse registrieren lassen, nachdem sie der Beh\u00f6rde die erforderlichen Unterlagen vorgelegt haben. <\/li><li>org.sy: F\u00fcr Nichtregierungsorganisationen und -einrichtungen. Der zu registrierende Dom\u00e4nenname muss sich am Namen der Einrichtung oder an der Art ihrer T\u00e4tigkeit orientieren und der Kunde muss einen entsprechenden Nachweis erbringen.   <\/li><li>gov.sy: Diese Domain ist f\u00fcr den \u00f6ffentlichen Sektor bestimmt. Alle Beh\u00f6rden k\u00f6nnen sich hier registrieren. Der zu registrierende Dom\u00e4nenname muss sich am Namen der Beh\u00f6rde oder an der Art ihrer T\u00e4tigkeit orientieren. Der Kunde muss hierf\u00fcr einen Nachweis erbringen.   <\/li><li>com.sy: F\u00fcr Unternehmen konzipiert, jeder kann sich dort registrieren.<\/li><li>tv.sy, info.sy, news.sy: Speziell f\u00fcr Medien- und Presseorganisationen sowie \u00e4hnliche Organisationen. Der zu registrierende Dom\u00e4nenname muss dem Namen der Organisation oder der Art ihrer T\u00e4tigkeit entsprechen und der Kunde muss einen entsprechenden Nachweis erbringen.  <\/li><li>net.sy: Konzipiert f\u00fcr Unternehmen, die ein Netzwerk besitzen, wie z. B. Internetdienstanbieter und Online-Hosting-Unternehmen. Jeder kann sich dort registrieren.<\/li><li>name.sy: Hat die Bedeutung eines Personennamens und jeder kann sich unter diesem Namen registrieren. Die Registrierung erfolgt unter der Domain \u201e.name.sy\u201c im folgenden Format: \u201exxxyyy.name.sy\u201c, wobei \u201exxx\u201c f\u00fcr den Vornamen und \u201eyyy\u201c f\u00fcr den Nachnamen steht, sofern der Kunde der Inhaber des Namens ist.    <\/li><li>biz.sy: F\u00fcr Unternehmen, die im Bereich der Online-Handelst\u00e4tigkeit t\u00e4tig sind. <\/li><li>co.sy: Hat eine kommerzielle Konnotation. Der zu registrierende Dom\u00e4nenname muss dem Namen der Entit\u00e4t oder der Art ihrer T\u00e4tigkeit entnommen sein und der Kunde muss dies nachweisen.   <\/li><li>school.sy: Speziell f\u00fcr den Bildungssektor. Vom Bildungsministerium anerkannte Bildungseinrichtungen k\u00f6nnen sich dort registrieren lassen. Der Kunde muss hierf\u00fcr einen Nachweis erbringen.  <\/li><\/ul><\/li><\/ul>\t\t\t\t\t\t\t\t<\/div>\n\t\t\t\t<\/div>\n\t\t\t\t<\/div>\n\t\t\t\t\t<\/div>\n\t\t\t\t<\/div>\n\t\t\t\t<\/div>\n\t\t","protected":false},"excerpt":{"rendered":"<p>Reservieren Sie Ihre Domain Registrieren Sie Ihre nationale Domain einfach und sicher Ihr Domainname ist Ihre digitale Identit\u00e4t \u2013 buchen Sie ihn jetzt Dom\u00e4nenreservierung: Dies ist ein Dom\u00e4nennamen-Reservierungsservice f\u00fcr den Kunden unter den syrischen nationalen Dom\u00e4nennamen (.Syria) und (.sy). Der Kunde kann einen Dom\u00e4nennamen direkt aus der zweiten Ebene (Beispiel: Dom\u00e4nenname.Syria \/ Dom\u00e4nenname.sy) oder aus [&hellip;]<\/p>\n","protected":false},"author":1,"featured_media":0,"parent":0,"menu_order":0,"comment_status":"closed","ping_status":"closed","template":"","meta":{"site-sidebar-layout":"no-sidebar","site-content-layout":"page-builder","ast-site-content-layout":"full-width-container","site-content-style":"default","site-sidebar-style":"default","ast-global-header-display":"","ast-banner-title-visibility":"","ast-main-header-display":"","ast-hfb-above-header-display":"","ast-hfb-below-header-display":"","ast-hfb-mobile-header-display":"","site-post-title":"disabled","ast-breadcrumbs-content":"","ast-featured-img":"disabled","footer-sml-layout":"","ast-disable-related-posts":"","theme-transparent-header-meta":"","adv-header-id-meta":"","stick-header-meta":"","header-above-stick-meta":"","header-main-stick-meta":"","header-below-stick-meta":"","astra-migrate-meta-layouts":"default","ast-page-background-enabled":"default","ast-page-background-meta":{"desktop":{"background-color":"","background-image":"","background-repeat":"repeat","background-position":"center center","background-size":"auto","background-attachment":"scroll","background-type":"","background-media":"","overlay-type":"","overlay-color":"","overlay-opacity":"","overlay-gradient":""},"tablet":{"background-color":"","background-image":"","background-repeat":"repeat","background-position":"center center","background-size":"auto","background-attachment":"scroll","background-type":"","background-media":"","overlay-type":"","overlay-color":"","overlay-opacity":"","overlay-gradient":""},"mobile":{"background-color":"","background-image":"","background-repeat":"repeat","background-position":"center center","background-size":"auto","background-attachment":"scroll","background-type":"","background-media":"","overlay-type":"","overlay-color":"","overlay-opacity":"","overlay-gradient":""}},"ast-content-background-meta":{"desktop":{"background-color":"var(--ast-global-color-5)","background-image":"","background-repeat":"repeat","background-position":"center center","background-size":"auto","background-attachment":"scroll","background-type":"","background-media":"","overlay-type":"","overlay-color":"","overlay-opacity":"","overlay-gradient":""},"tablet":{"background-color":"var(--ast-global-color-5)","background-image":"","background-repeat":"repeat","background-position":"center center","background-size":"auto","background-attachment":"scroll","background-type":"","background-media":"","overlay-type":"","overlay-color":"","overlay-opacity":"","overlay-gradient":""},"mobile":{"background-color":"var(--ast-global-color-5)","background-image":"","background-repeat":"repeat","background-position":"center center","background-size":"auto","background-attachment":"scroll","background-type":"","background-media":"","overlay-type":"","overlay-color":"","overlay-opacity":"","overlay-gradient":""}},"footnotes":""},"class_list":["post-26942","page","type-page","status-publish","hentry"],"_links":{"self":[{"href":"https:\/\/dotsy.ovh\/de\/wp-json\/wp\/v2\/pages\/26942","targetHints":{"allow":["GET"]}}],"collection":[{"href":"https:\/\/dotsy.ovh\/de\/wp-json\/wp\/v2\/pages"}],"about":[{"href":"https:\/\/dotsy.ovh\/de\/wp-json\/wp\/v2\/types\/page"}],"author":[{"embeddable":true,"href":"https:\/\/dotsy.ovh\/de\/wp-json\/wp\/v2\/users\/1"}],"replies":[{"embeddable":true,"href":"https:\/\/dotsy.ovh\/de\/wp-json\/wp\/v2\/comments?post=26942"}],"version-history":[{"count":7,"href":"https:\/\/dotsy.ovh\/de\/wp-json\/wp\/v2\/pages\/26942\/revisions"}],"predecessor-version":[{"id":27131,"href":"https:\/\/dotsy.ovh\/de\/wp-json\/wp\/v2\/pages\/26942\/revisions\/27131"}],"wp:attachment":[{"href":"https:\/\/dotsy.ovh\/de\/wp-json\/wp\/v2\/media?parent=26942"}],"curies":[{"name":"wp","href":"https:\/\/api.w.org\/{rel}","templated":true}]}}