{"id":27050,"date":"2025-09-07T09:09:23","date_gmt":"2025-09-07T09:09:23","guid":{"rendered":"https:\/\/dotsy.ovh\/vorteile-der-syrischen-domain\/"},"modified":"2025-09-11T07:59:14","modified_gmt":"2025-09-11T07:59:14","slug":"vorteile-der-syrischen-domain","status":"publish","type":"page","link":"https:\/\/dotsy.ovh\/de\/vorteile-der-syrischen-domain\/","title":{"rendered":"Vorteile der syrischen Domain"},"content":{"rendered":"\t\t<div data-elementor-type=\"wp-page\" data-elementor-id=\"27050\" class=\"elementor elementor-27050 elementor-27019\">\n\t\t\t\t<div class=\"elementor-element elementor-element-6e7f1d0 e-flex e-con-boxed e-con e-parent\" data-id=\"6e7f1d0\" data-element_type=\"container\" data-settings=\"{&quot;background_background&quot;:&quot;classic&quot;}\">\n\t\t\t\t\t<div class=\"e-con-inner\">\n\t\t<div class=\"elementor-element elementor-element-fc3e217 e-con-full e-flex e-con e-child\" data-id=\"fc3e217\" data-element_type=\"container\">\n\t\t\t\t<div class=\"elementor-element elementor-element-5a3feb9 elementor-widget elementor-widget-hfe-infocard\" data-id=\"5a3feb9\" data-element_type=\"widget\" data-widget_type=\"hfe-infocard.default\">\n\t\t\t\t<div class=\"elementor-widget-container\">\n\t\t\t\t\t\n\t\t<div class=\"hfe-infocard\">\n\t\t\t\t\t\t\t\t\t<div class=\"hfe-infocard-title-wrap\">\n\t\t\t\t<h1 class=\"hfe-infocard-title elementor-inline-editing\" data-elementor-setting-key=\"infocard_title\" data-elementor-inline-editing-toolbar=\"basic\" >Vorteile der syrischen Domain<\/h1>\t\t\t<\/div>\n\t\t\t\t\t\t<div class=\"hfe-infocard-text-wrap\">\n\t\t\t\t<div class=\"hfe-infocard-text elementor-inline-editing\" data-elementor-setting-key=\"infocard_description\" data-elementor-inline-editing-toolbar=\"advanced\">\n\t\t\t\t\t\u062d\u0636\u0648\u0631 \u0645\u062d\u0644\u064a \u0642\u0648\u064a \u0648\u0645\u0648\u062b\u0648\u0642 \u0639\u0644\u0649 \u0627\u0644\u0625\u0646\u062a\u0631\u0646\u062a\t\t\t\t<\/div>\n\t\t\t\t\t\t\t<\/div>\n\t\t<\/div>\n\n\t\t\t\t\t\t<\/div>\n\t\t\t\t<\/div>\n\t\t\t\t<\/div>\n\t\t\t\t\t<\/div>\n\t\t\t\t<\/div>\n\t\t<div class=\"elementor-element elementor-element-6157321 e-flex e-con-boxed e-con e-parent\" data-id=\"6157321\" data-element_type=\"container\" data-settings=\"{&quot;background_background&quot;:&quot;classic&quot;,&quot;shape_divider_bottom&quot;:&quot;waves&quot;}\">\n\t\t\t\t\t<div class=\"e-con-inner\">\n\t\t\t\t<div class=\"elementor-shape elementor-shape-bottom\" aria-hidden=\"true\" data-negative=\"false\">\n\t\t\t<svg xmlns=\"http:\/\/www.w3.org\/2000\/svg\" viewBox=\"0 0 1000 100\" preserveAspectRatio=\"none\">\n\t<path class=\"elementor-shape-fill\" d=\"M421.9,6.5c22.6-2.5,51.5,0.4,75.5,5.3c23.6,4.9,70.9,23.5,100.5,35.7c75.8,32.2,133.7,44.5,192.6,49.7\n\tc23.6,2.1,48.7,3.5,103.4-2.5c54.7-6,106.2-25.6,106.2-25.6V0H0v30.3c0,0,72,32.6,158.4,30.5c39.2-0.7,92.8-6.7,134-22.4\n\tc21.2-8.1,52.2-18.2,79.7-24.2C399.3,7.9,411.6,7.5,421.9,6.5z\"\/>\n<\/svg>\t\t<\/div>\n\t\t<div class=\"elementor-element elementor-element-20e7fa9 e-con-full e-flex e-con e-child\" data-id=\"20e7fa9\" data-element_type=\"container\">\n\t\t<div class=\"elementor-element elementor-element-a156903 e-flex e-con-boxed e-con e-child\" data-id=\"a156903\" data-element_type=\"container\" data-settings=\"{&quot;background_background&quot;:&quot;classic&quot;}\">\n\t\t\t\t\t<div class=\"e-con-inner\">\n\t\t\t\t<div class=\"elementor-element elementor-element-7fc80ec elementor-vertical-align-top elementor-widget elementor-widget-image-box\" data-id=\"7fc80ec\" data-element_type=\"widget\" data-widget_type=\"image-box.default\">\n\t\t\t\t<div class=\"elementor-widget-container\">\n\t\t\t\t\t<div class=\"elementor-image-box-wrapper\"><div class=\"elementor-image-box-content\"><h2 class=\"elementor-image-box-title\">Was ist die syrische Nationaldom\u00e4ne (.sy) und warum ist sie wichtig?<\/h2><\/div><\/div>\t\t\t\t<\/div>\n\t\t\t\t<\/div>\n\t\t\t\t<div class=\"elementor-element elementor-element-60b0d57 elementor-widget elementor-widget-text-editor\" data-id=\"60b0d57\" data-element_type=\"widget\" data-widget_type=\"text-editor.default\">\n\t\t\t\t<div class=\"elementor-widget-container\">\n\t\t\t\t\t\t\t\t\t<p data-start=\"499\" data-end=\"671\">Die nationale Domain (.sy) ist die offizielle Endung der Arabischen Republik Syrien im Internet und wird ausschlie\u00dflich an Unternehmen, Institutionen und Einzelpersonen vergeben, die in Syrien ans\u00e4ssig sind oder den syrischen Markt ansprechen. <\/p>\t\t\t\t\t\t\t\t<\/div>\n\t\t\t\t<\/div>\n\t\t\t\t<div class=\"elementor-element elementor-element-0a29a42 elementor-widget elementor-widget-text-editor\" data-id=\"0a29a42\" data-element_type=\"widget\" data-widget_type=\"text-editor.default\">\n\t\t\t\t<div class=\"elementor-widget-container\">\n\t\t\t\t\t\t\t\t\t<p>Der Besitz dieser Domain bedeutet, dass Ihr Unternehmen legal registriert ist und mit ma\u00dfgeschneiderten Produkten und Dienstleistungen ein lokales Publikum anspricht, wodurch das Vertrauen und die Glaubw\u00fcrdigkeit Ihrer Kunden gest\u00e4rkt werden.  <\/p>\t\t\t\t\t\t\t\t<\/div>\n\t\t\t\t<\/div>\n\t\t\t\t\t<\/div>\n\t\t\t\t<\/div>\n\t\t\t\t<\/div>\n\t\t<div class=\"elementor-element elementor-element-e79a68a e-con-full e-flex e-con e-child\" data-id=\"e79a68a\" data-element_type=\"container\">\n\t\t<div class=\"elementor-element elementor-element-424df52 e-flex e-con-boxed e-con e-child\" data-id=\"424df52\" data-element_type=\"container\" data-settings=\"{&quot;background_background&quot;:&quot;classic&quot;}\">\n\t\t\t\t\t<div class=\"e-con-inner\">\n\t\t\t\t<div class=\"elementor-element elementor-element-4ec2afd elementor-vertical-align-top elementor-widget elementor-widget-image-box\" data-id=\"4ec2afd\" data-element_type=\"widget\" data-widget_type=\"image-box.default\">\n\t\t\t\t<div class=\"elementor-widget-container\">\n\t\t\t\t\t<div class=\"elementor-image-box-wrapper\"><div class=\"elementor-image-box-content\"><h2 class=\"elementor-image-box-title\">Hauptvorteile der Verwendung der syrischen Nationaldom\u00e4ne (.sy)<\/h2><\/div><\/div>\t\t\t\t<\/div>\n\t\t\t\t<\/div>\n\t\t\t\t<div class=\"elementor-element elementor-element-cd91c38 elementor-widget elementor-widget-text-editor\" data-id=\"cd91c38\" data-element_type=\"widget\" data-widget_type=\"text-editor.default\">\n\t\t\t\t<div class=\"elementor-widget-container\">\n\t\t\t\t\t\t\t\t\t<h3 data-start=\"870\" data-end=\"901\">1. Lokales Vertrauen und Anerkennung<\/h3><p data-start=\"902\" data-end=\"1027\">Lokale Kunden bevorzugen Websites mit einer nationalen Erweiterung, da dies eine physische Pr\u00e4senz im Land und die Einhaltung der syrischen Gesetze demonstriert. <\/p><h3 data-start=\"1029\" data-end=\"1075\">2. Lokale SEO<\/h3><p data-start=\"1076\" data-end=\"1210\">Suchmaschinen wie Google priorisieren bei der Suche innerhalb Syriens Websites mit nationalen Dom\u00e4nen, was die Sichtbarkeit Ihrer Website erh\u00f6ht und den Datenverkehr steigert. <\/p><h3 data-start=\"1212\" data-end=\"1252\">3. Aufbau einer starken Markenidentit\u00e4t<\/h3><p data-start=\"1253\" data-end=\"1348\"><a href=\"https:\/\/dotsy.ovh\/de\/reservieren-sie-ihre-domain\/\">Die (.sy)-Domain <\/a>zeigt sofort, dass Ihr Unternehmen den syrischen Markt bedient und hinterl\u00e4sst bei Besuchern einen professionellen Eindruck. <\/p><h3 data-start=\"1350\" data-end=\"1392\">4. Offizielle Konformit\u00e4t und legale Pr\u00e4senz<\/h3><p data-start=\"1393\" data-end=\"1494\">Die Registrierung einer nationalen Dom\u00e4ne erfordert die Einhaltung gesetzlicher Standards und die transparente Darstellung Ihres Unternehmens in einem formalen Rechtsrahmen. <\/p><h3 data-start=\"1496\" data-end=\"1520\">5. Digitaler Schutz<\/h3><p data-start=\"1521\" data-end=\"1629\">Nationale Dom\u00e4nen unterliegen einer beh\u00f6rdlichen Aufsicht, wodurch das Risiko von Online-Betrug verringert und Ihre Markenrechte gesch\u00fctzt werden. <\/p>\t\t\t\t\t\t\t\t<\/div>\n\t\t\t\t<\/div>\n\t\t\t\t\t<\/div>\n\t\t\t\t<\/div>\n\t\t\t\t<\/div>\n\t\t<div class=\"elementor-element elementor-element-963b2f4 e-con-full e-flex e-con e-child\" data-id=\"963b2f4\" data-element_type=\"container\">\n\t\t<div class=\"elementor-element elementor-element-93ce584 e-flex e-con-boxed e-con e-child\" data-id=\"93ce584\" data-element_type=\"container\" data-settings=\"{&quot;background_background&quot;:&quot;classic&quot;}\">\n\t\t\t\t\t<div class=\"e-con-inner\">\n\t\t\t\t<div class=\"elementor-element elementor-element-c218d38 elementor-vertical-align-top elementor-widget elementor-widget-image-box\" data-id=\"c218d38\" data-element_type=\"widget\" data-widget_type=\"image-box.default\">\n\t\t\t\t<div class=\"elementor-widget-container\">\n\t\t\t\t\t<div class=\"elementor-image-box-wrapper\"><div class=\"elementor-image-box-content\"><h2 class=\"elementor-image-box-title\">Dot sy: Ihr offizieller Partner f\u00fcr die Registrierung syrischer Nationaldom\u00e4nen (.sy) <\/h2><\/div><\/div>\t\t\t\t<\/div>\n\t\t\t\t<\/div>\n\t\t\t\t<div class=\"elementor-element elementor-element-e8d3df7 elementor-widget elementor-widget-text-editor\" data-id=\"e8d3df7\" data-element_type=\"widget\" data-widget_type=\"text-editor.default\">\n\t\t\t\t<div class=\"elementor-widget-container\">\n\t\t\t\t\t\t\t\t\t<p data-start=\"2105\" data-end=\"2226\"><a href=\"https:\/\/dotsy.ovh\/de\/\">Wir sind <\/a>eine Tochtergesellschaft der<a href=\"https:\/\/nobalaa.sy\/\" target=\"_blank\" rel=\"noopener\"> Al-Nobalaa<\/a> Company, einem von der Nationalen Beh\u00f6rde f\u00fcr Informationstechnologiedienste lizenzierten Unternehmen. Wir bieten Ihnen umfassende Dienstleistungen f\u00fcr die Registrierung syrischer Domains:<\/p><ul data-start=\"2228\" data-end=\"2509\"><li data-start=\"2228\" data-end=\"2257\"><p data-start=\"2230\" data-end=\"2257\">Offizielle und verifizierte Domains registrieren<\/p><\/li><li data-start=\"2258\" data-end=\"2298\"><p data-start=\"2260\" data-end=\"2298\">Beratung zur Auswahl des besten Domainnamens<\/p><\/li><li data-start=\"2299\" data-end=\"2341\"><p data-start=\"2301\" data-end=\"2341\">Professionelles DNS-Management zur Gew\u00e4hrleistung der Stabilit\u00e4t Ihrer Website<\/p><\/li><li data-start=\"2342\" data-end=\"2377\"><p data-start=\"2344\" data-end=\"2377\">Schnelle und reibungslose Domainregistrierung und -verl\u00e4ngerung<\/p><\/li><li data-start=\"2378\" data-end=\"2442\"><p data-start=\"2380\" data-end=\"2442\">Kontinuierlicher technischer Support und Antworten auf alle Ihre technischen und rechtlichen Fragen.<\/p><\/li><li data-start=\"2443\" data-end=\"2477\"><p data-start=\"2445\" data-end=\"2477\">Digitaler Markenschutz<\/p><\/li><li data-start=\"2478\" data-end=\"2509\"><p data-start=\"2480\" data-end=\"2509\">Transparente Preise ohne versteckte Geb\u00fchren<\/p><\/li><\/ul><p data-start=\"2511\" data-end=\"2612\">Wir stellen nicht nur eine Dom\u00e4ne bereit, sondern erstellen mit Ihnen eine <strong data-start=\"2547\" data-end=\"2567\">vollst\u00e4ndige digitale Identit\u00e4t<\/strong>, die mit der Dom\u00e4ne beginnt und sich auf jeden Aspekt Ihrer digitalen Pr\u00e4senz erstreckt. <\/p><h2 style=\"color: #3aa6b9;\">Warum uns w\u00e4hlen?<\/h2><ul data-start=\"2646\" data-end=\"2798\"><li data-start=\"2646\" data-end=\"2676\"><p data-start=\"2648\" data-end=\"2676\">Offiziell lizenziertes Unternehmen in Syrien<\/p><\/li><li data-start=\"2677\" data-end=\"2714\"><p data-start=\"2679\" data-end=\"2714\">Lokale Expertise und umfassende Kenntnisse des syrischen Marktes<\/p><\/li><li data-start=\"2715\" data-end=\"2741\"><p data-start=\"2717\" data-end=\"2741\">Kontinuierliche technische und beratende Unterst\u00fctzung<\/p><\/li><li data-start=\"2742\" data-end=\"2769\"><p data-start=\"2744\" data-end=\"2769\">Flexible Preise und ma\u00dfgeschneiderte Pakete<\/p><\/li><li data-start=\"2770\" data-end=\"2798\"><p data-start=\"2772\" data-end=\"2798\">Umfassende Leistungen aus einer Hand<\/p><\/li><\/ul><h2 style=\"color: #3aa6b9;\">Starten Sie voller Zuversicht in Ihre digitale Zukunft<\/h2><p data-start=\"2836\" data-end=\"3029\">Der Besitz<strong data-start=\"2843\" data-end=\"2873\"><a href=\"https:\/\/dotsy.ovh\/de\/reservieren-sie-ihre-domain\/\"> einer syrischen nationalen Domain <\/a><\/strong>(.sy) ist Ihr erster Schritt zum Aufbau <strong data-start=\"2896\" data-end=\"2920\">einer starken und zuverl\u00e4ssigen lokalen Online-Pr\u00e4senz<\/strong>. W\u00e4hlen Sie einen Partner, der die Anforderungen des syrischen Marktes versteht und Ihnen alles bietet, was Sie f\u00fcr einen selbstbewussten und professionellen Start Ihres Unternehmens ben\u00f6tigen.  <\/p><p data-start=\"3031\" data-end=\"3132\"><strong data-start=\"3031\" data-end=\"3095\">Sind Sie bereit, Ihre nationale Domain zu registrieren und in die digitale Welt aufzubrechen?<\/strong><br data-start=\"3095\" data-end=\"3098\"><strong data-start=\"3099\" data-end=\"3129\"><a href=\"https:\/\/dotsy.ovh\/de\/kontakt\/\">Registrieren Sie jetzt Ihre Domain&#8230;<\/a><\/strong> <\/p>\t\t\t\t\t\t\t\t<\/div>\n\t\t\t\t<\/div>\n\t\t\t\t\t<\/div>\n\t\t\t\t<\/div>\n\t\t\t\t<\/div>\n\t\t\t\t\t<\/div>\n\t\t\t\t<\/div>\n\t\t\t\t<\/div>\n\t\t","protected":false},"excerpt":{"rendered":"<p>Vorteile der syrischen Domain \u062d\u0636\u0648\u0631 \u0645\u062d\u0644\u064a \u0642\u0648\u064a \u0648\u0645\u0648\u062b\u0648\u0642 \u0639\u0644\u0649 \u0627\u0644\u0625\u0646\u062a\u0631\u0646\u062a Was ist die syrische Nationaldom\u00e4ne (.sy) und warum ist sie wichtig? Die nationale Domain (.sy) ist die offizielle Endung der Arabischen Republik Syrien im Internet und wird ausschlie\u00dflich an Unternehmen, Institutionen und Einzelpersonen vergeben, die in Syrien ans\u00e4ssig sind oder den syrischen Markt ansprechen. Der [&hellip;]<\/p>\n","protected":false},"author":1,"featured_media":0,"parent":0,"menu_order":0,"comment_status":"closed","ping_status":"closed","template":"","meta":{"site-sidebar-layout":"no-sidebar","site-content-layout":"page-builder","ast-site-content-layout":"full-width-container","site-content-style":"unboxed","site-sidebar-style":"unboxed","ast-global-header-display":"","ast-banner-title-visibility":"","ast-main-header-display":"","ast-hfb-above-header-display":"","ast-hfb-below-header-display":"","ast-hfb-mobile-header-display":"","site-post-title":"disabled","ast-breadcrumbs-content":"","ast-featured-img":"disabled","footer-sml-layout":"","ast-disable-related-posts":"","theme-transparent-header-meta":"","adv-header-id-meta":"","stick-header-meta":"","header-above-stick-meta":"","header-main-stick-meta":"","header-below-stick-meta":"","astra-migrate-meta-layouts":"default","ast-page-background-enabled":"default","ast-page-background-meta":{"desktop":{"background-color":"","background-image":"","background-repeat":"repeat","background-position":"center center","background-size":"auto","background-attachment":"scroll","background-type":"","background-media":"","overlay-type":"","overlay-color":"","overlay-opacity":"","overlay-gradient":""},"tablet":{"background-color":"","background-image":"","background-repeat":"repeat","background-position":"center center","background-size":"auto","background-attachment":"scroll","background-type":"","background-media":"","overlay-type":"","overlay-color":"","overlay-opacity":"","overlay-gradient":""},"mobile":{"background-color":"","background-image":"","background-repeat":"repeat","background-position":"center center","background-size":"auto","background-attachment":"scroll","background-type":"","background-media":"","overlay-type":"","overlay-color":"","overlay-opacity":"","overlay-gradient":""}},"ast-content-background-meta":{"desktop":{"background-color":"var(--ast-global-color-5)","background-image":"","background-repeat":"repeat","background-position":"center center","background-size":"auto","background-attachment":"scroll","background-type":"","background-media":"","overlay-type":"","overlay-color":"","overlay-opacity":"","overlay-gradient":""},"tablet":{"background-color":"var(--ast-global-color-5)","background-image":"","background-repeat":"repeat","background-position":"center center","background-size":"auto","background-attachment":"scroll","background-type":"","background-media":"","overlay-type":"","overlay-color":"","overlay-opacity":"","overlay-gradient":""},"mobile":{"background-color":"var(--ast-global-color-5)","background-image":"","background-repeat":"repeat","background-position":"center center","background-size":"auto","background-attachment":"scroll","background-type":"","background-media":"","overlay-type":"","overlay-color":"","overlay-opacity":"","overlay-gradient":""}},"footnotes":""},"class_list":["post-27050","page","type-page","status-publish","hentry"],"_links":{"self":[{"href":"https:\/\/dotsy.ovh\/de\/wp-json\/wp\/v2\/pages\/27050","targetHints":{"allow":["GET"]}}],"collection":[{"href":"https:\/\/dotsy.ovh\/de\/wp-json\/wp\/v2\/pages"}],"about":[{"href":"https:\/\/dotsy.ovh\/de\/wp-json\/wp\/v2\/types\/page"}],"author":[{"embeddable":true,"href":"https:\/\/dotsy.ovh\/de\/wp-json\/wp\/v2\/users\/1"}],"replies":[{"embeddable":true,"href":"https:\/\/dotsy.ovh\/de\/wp-json\/wp\/v2\/comments?post=27050"}],"version-history":[{"count":2,"href":"https:\/\/dotsy.ovh\/de\/wp-json\/wp\/v2\/pages\/27050\/revisions"}],"predecessor-version":[{"id":27101,"href":"https:\/\/dotsy.ovh\/de\/wp-json\/wp\/v2\/pages\/27050\/revisions\/27101"}],"wp:attachment":[{"href":"https:\/\/dotsy.ovh\/de\/wp-json\/wp\/v2\/media?parent=27050"}],"curies":[{"name":"wp","href":"https:\/\/api.w.org\/{rel}","templated":true}]}}