{"id":26944,"date":"2025-08-10T11:52:38","date_gmt":"2025-08-10T11:52:38","guid":{"rendered":"https:\/\/dotsy.ovh\/reservez-votre-domaine\/"},"modified":"2025-09-11T09:17:09","modified_gmt":"2025-09-11T09:17:09","slug":"reservez-votre-domaine","status":"publish","type":"page","link":"https:\/\/dotsy.ovh\/fr\/reservez-votre-domaine\/","title":{"rendered":"R\u00e9servez votre domaine"},"content":{"rendered":"\t\t<div data-elementor-type=\"wp-page\" data-elementor-id=\"26944\" class=\"elementor elementor-26944 elementor-26902\">\n\t\t\t\t<div class=\"elementor-element elementor-element-31dcf6c e-flex e-con-boxed e-con e-parent\" data-id=\"31dcf6c\" data-element_type=\"container\" data-settings=\"{&quot;background_background&quot;:&quot;classic&quot;}\">\n\t\t\t\t\t<div class=\"e-con-inner\">\n\t\t<div class=\"elementor-element elementor-element-2c317f3 e-con-full e-flex e-con e-child\" data-id=\"2c317f3\" data-element_type=\"container\">\n\t\t\t\t<div class=\"elementor-element elementor-element-4de59ea elementor-widget elementor-widget-hfe-infocard\" data-id=\"4de59ea\" data-element_type=\"widget\" data-widget_type=\"hfe-infocard.default\">\n\t\t\t\t<div class=\"elementor-widget-container\">\n\t\t\t\t\t\n\t\t<div class=\"hfe-infocard\">\n\t\t\t\t\t\t\t\t\t<div class=\"hfe-infocard-title-wrap\">\n\t\t\t\t<h1 class=\"hfe-infocard-title elementor-inline-editing\" data-elementor-setting-key=\"infocard_title\" data-elementor-inline-editing-toolbar=\"basic\" >R\u00e9servez votre domaine <\/h1>\t\t\t<\/div>\n\t\t\t\t\t\t<div class=\"hfe-infocard-text-wrap\">\n\t\t\t\t<div class=\"hfe-infocard-text elementor-inline-editing\" data-elementor-setting-key=\"infocard_description\" data-elementor-inline-editing-toolbar=\"advanced\">\n\t\t\t\t\tEnregistrez votre domaine national facilement et en toute s\u00e9curit\u00e9\t\t\t\t<\/div>\n\t\t\t\t\t\t\t<\/div>\n\t\t<\/div>\n\n\t\t\t\t\t\t<\/div>\n\t\t\t\t<\/div>\n\t\t\t\t<\/div>\n\t\t\t\t\t<\/div>\n\t\t\t\t<\/div>\n\t\t<div class=\"elementor-element elementor-element-72dc056 e-flex e-con-boxed e-con e-parent\" data-id=\"72dc056\" data-element_type=\"container\" data-settings=\"{&quot;background_background&quot;:&quot;classic&quot;,&quot;shape_divider_bottom&quot;:&quot;waves&quot;}\">\n\t\t\t\t\t<div class=\"e-con-inner\">\n\t\t\t\t<div class=\"elementor-shape elementor-shape-bottom\" aria-hidden=\"true\" data-negative=\"false\">\n\t\t\t<svg xmlns=\"http:\/\/www.w3.org\/2000\/svg\" viewBox=\"0 0 1000 100\" preserveAspectRatio=\"none\">\n\t<path class=\"elementor-shape-fill\" d=\"M421.9,6.5c22.6-2.5,51.5,0.4,75.5,5.3c23.6,4.9,70.9,23.5,100.5,35.7c75.8,32.2,133.7,44.5,192.6,49.7\n\tc23.6,2.1,48.7,3.5,103.4-2.5c54.7-6,106.2-25.6,106.2-25.6V0H0v30.3c0,0,72,32.6,158.4,30.5c39.2-0.7,92.8-6.7,134-22.4\n\tc21.2-8.1,52.2-18.2,79.7-24.2C399.3,7.9,411.6,7.5,421.9,6.5z\"\/>\n<\/svg>\t\t<\/div>\n\t\t<div class=\"elementor-element elementor-element-4529cc1 e-con-full e-flex e-con e-child\" data-id=\"4529cc1\" data-element_type=\"container\">\n\t\t<div class=\"elementor-element elementor-element-16645c9 e-flex e-con-boxed e-con e-child\" data-id=\"16645c9\" data-element_type=\"container\" data-settings=\"{&quot;background_background&quot;:&quot;classic&quot;}\">\n\t\t\t\t\t<div class=\"e-con-inner\">\n\t\t\t\t<div class=\"elementor-element elementor-element-f0bd7d4 elementor-vertical-align-top elementor-widget elementor-widget-image-box\" data-id=\"f0bd7d4\" data-element_type=\"widget\" data-widget_type=\"image-box.default\">\n\t\t\t\t<div class=\"elementor-widget-container\">\n\t\t\t\t\t<div class=\"elementor-image-box-wrapper\"><div class=\"elementor-image-box-content\"><h2 class=\"elementor-image-box-title\">Votre nom de domaine est votre identit\u00e9 num\u00e9rique - r\u00e9servez-le maintenant<\/h2><\/div><\/div>\t\t\t\t<\/div>\n\t\t\t\t<\/div>\n\t\t\t\t<div class=\"elementor-element elementor-element-6de11a9 elementor-widget elementor-widget-text-editor\" data-id=\"6de11a9\" data-element_type=\"widget\" data-widget_type=\"text-editor.default\">\n\t\t\t\t<div class=\"elementor-widget-container\">\n\t\t\t\t\t\t\t\t\t<p><strong style=\"color: #3aa6b9;\">R\u00e9servation de domaine<\/strong> : Il s&rsquo;agit d&rsquo;un service de r\u00e9servation de noms de domaine pour le client sous les noms de domaine nationaux syriens (.Syrie) et (.sy). Le client peut r\u00e9server un nom de domaine directement depuis le deuxi\u00e8me niveau (exemple : nom-de-domaine.Syrie \/ nom-de-domaine.sy) ou depuis le troisi\u00e8me niveau (exemple : nom-de-domaine.com.sy\/nom-de-domaine.edu.sy\/&#8230;).   <\/p>\t\t\t\t\t\t\t\t<\/div>\n\t\t\t\t<\/div>\n\t\t\t\t<div class=\"elementor-element elementor-element-b6594ca elementor-widget elementor-widget-text-editor\" data-id=\"b6594ca\" data-element_type=\"widget\" data-widget_type=\"text-editor.default\">\n\t\t\t\t<div class=\"elementor-widget-container\">\n\t\t\t\t\t\t\t\t\t<p><b>Documents requis :<\/b><\/p><p>1. Un formulaire de demande de r\u00e9servation sign\u00e9 et tamponn\u00e9 selon le mod\u00e8le suivant :<\/p><p>Domaine arabe : <a href=\"https:\/\/dotsy.ovh\/wp-content\/uploads\/2025\/08\/%D8%A7%D8%B3%D8%AA%D9%85%D8%A7%D8%B1%D8%A9-2025-%D9%86%D8%B8%D8%A7%D9%82-%D8%B9%D8%B1%D8%A8%D9%8A-nobalaa.pdf\" target=\"_blank\" rel=\"noopener\">t\u00e9l\u00e9charger le fichier<\/a>.<br>Domaine anglais :<a href=\"https:\/\/dotsy.ovh\/wp-content\/uploads\/2025\/08\/%D8%A7%D8%B3%D8%AA%D9%85%D8%A7%D8%B1%D8%A9-2025-%D8%A7%D9%86%D9%83%D9%84%D9%8A%D8%B2%D9%8A-nobalaa.pdf\" target=\"_blank\" rel=\"noopener\"> t\u00e9l\u00e9charger le fichier<\/a>.<\/p><p>2. Photo d&rsquo;identit\u00e9 pour les particuliers<\/p><p>3. Registre du commerce dans le cas des soci\u00e9t\u00e9s, ou licence ou publicit\u00e9 dans le cas des entit\u00e9s civiles ou syndicales.<\/p><p>4. Notification de paiement des frais de r\u00e9servation en cas de paiement bancaire<\/p><p>Les r\u00e9servations sont effectu\u00e9es dans un d\u00e9lai de 1 heure \u00e0 48 heures ouvrables.<\/p><p><b>Pour vous assurer que le nom de domaine est disponible \u00e0 la r\u00e9servation, <a href=\"https:\/\/whois.tld.sy\/\" target=\"_blank\" rel=\"noopener noreferrer\">cliquez ici<\/a>.<\/b><\/p><p><b style=\"color: #e20000;\">Remarque<\/b> : la loi sur la cr\u00e9ation de soci\u00e9t\u00e9s commerciales et les registres du commerce exigent un document d&rsquo;enregistrement de domaine national syrien comme condition de base pour l&rsquo;enregistrement et le renouvellement de la soci\u00e9t\u00e9.<\/p>\t\t\t\t\t\t\t\t<\/div>\n\t\t\t\t<\/div>\n\t\t\t\t\t<\/div>\n\t\t\t\t<\/div>\n\t\t\t\t<\/div>\n\t\t\t\t\t<\/div>\n\t\t\t\t<\/div>\n\t\t<div class=\"elementor-element elementor-element-879bc70 e-grid e-con-boxed e-con e-parent\" data-id=\"879bc70\" data-element_type=\"container\" data-settings=\"{&quot;background_background&quot;:&quot;classic&quot;}\">\n\t\t\t\t\t<div class=\"e-con-inner\">\n\t\t\t\t<div class=\"elementor-element elementor-element-1b4f118 elementor-widget elementor-widget-heading\" data-id=\"1b4f118\" data-element_type=\"widget\" data-widget_type=\"heading.default\">\n\t\t\t\t<div class=\"elementor-widget-container\">\n\t\t\t\t\t<h2 class=\"elementor-heading-title elementor-size-default\">Conditions g\u00e9n\u00e9rales d'enregistrement de noms de domaine<\/h2>\t\t\t\t<\/div>\n\t\t\t\t<\/div>\n\t\t\t\t\t<\/div>\n\t\t\t\t<\/div>\n\t\t<div class=\"elementor-element elementor-element-22f61a5 e-grid e-con-boxed e-con e-parent\" data-id=\"22f61a5\" data-element_type=\"container\" data-settings=\"{&quot;background_background&quot;:&quot;classic&quot;}\">\n\t\t\t\t\t<div class=\"e-con-inner\">\n\t\t<div class=\"elementor-element elementor-element-2d5f89a e-con-full e-flex e-con e-child\" data-id=\"2d5f89a\" data-element_type=\"container\" data-settings=\"{&quot;background_background&quot;:&quot;classic&quot;}\">\n\t\t\t\t<div class=\"elementor-element elementor-element-886dbcc elementor-widget elementor-widget-text-editor\" data-id=\"886dbcc\" data-element_type=\"widget\" data-widget_type=\"text-editor.default\">\n\t\t\t\t<div class=\"elementor-widget-container\">\n\t\t\t\t\t\t\t\t\t<p>1. La priorit\u00e9 d&rsquo;enregistrement des noms de domaine est d\u00e9termin\u00e9e par la priorit\u00e9 de la demande \u00e0 la date de sa r\u00e9ception par l&rsquo;Autorit\u00e9, sans distinction ni exception. Les informations figurant au Registre national des noms de domaine syriens sont celles approuv\u00e9es pour d\u00e9terminer la date et l&rsquo;heure.<\/p><p>2. La Soci\u00e9t\u00e9 et l&rsquo;Autorit\u00e9 ne sont pas parties \u00e0 tout litige juridique d\u00e9coulant du contenu du nom de domaine.<\/p><p>3. Il est interdit d&rsquo;utiliser le site Web d&rsquo;une mani\u00e8re qui viole les valeurs publiques et la morale commune, ou qui offense les religions, les pays, les villes ou les personnes physiques ou morales. <\/p><p>4. Un nom de domaine peut \u00eatre enregistr\u00e9 ou renouvel\u00e9 pour une p\u00e9riode d&rsquo;un an calendaire (ou plus, jusqu&rsquo;\u00e0 10 ans).<\/p>\t\t\t\t\t\t\t\t<\/div>\n\t\t\t\t<\/div>\n\t\t\t\t<\/div>\n\t\t<div class=\"elementor-element elementor-element-fb4402b e-con-full e-flex e-con e-child\" data-id=\"fb4402b\" data-element_type=\"container\" data-settings=\"{&quot;background_background&quot;:&quot;classic&quot;}\">\n\t\t\t\t<div class=\"elementor-element elementor-element-5ac6041 elementor-widget elementor-widget-text-editor\" data-id=\"5ac6041\" data-element_type=\"widget\" data-widget_type=\"text-editor.default\">\n\t\t\t\t<div class=\"elementor-widget-container\">\n\t\t\t\t\t\t\t\t\t<p>5. L&rsquo;enregistrement d&rsquo;un nom de domaine ne conf\u00e8re au client aucun droit de propri\u00e9t\u00e9 sur ce nom, ni aucun droit l\u00e9gal sur la propri\u00e9t\u00e9 intellectuelle du nom de domaine. Il s&rsquo;agit simplement d&rsquo;une licence exclusive d&rsquo;utilisation du domaine (c&rsquo;est-\u00e0-dire un bail) pour une dur\u00e9e d\u00e9termin\u00e9e et renouvelable. <\/p><p>6. Il n\u2019est en aucun cas permis d\u2019enregistrer un nom de domaine appartenant \u00e0 des agences gouvernementales au profit d\u2019une entit\u00e9 priv\u00e9e.<\/p><p>7. La Soci\u00e9t\u00e9 et l&rsquo;Autorit\u00e9 ont le droit de rejeter une demande d&rsquo;enregistrement de nom de domaine en cas de violation des conditions de r\u00e9servation du nom de domaine.<\/p><p>8. La soci\u00e9t\u00e9 et l&rsquo;Autorit\u00e9 des technologies de l&rsquo;information ont le droit d&rsquo;annuler l&rsquo;enregistrement de tout domaine, m\u00eame s&rsquo;il a \u00e9t\u00e9 enregistr\u00e9, en cas de violation des r\u00e8gles d&rsquo;enregistrement (par exemple, un nom prot\u00e9g\u00e9 par une marque &#8211; enregistrement d&rsquo;un nom personnel au premier niveau ou le nom d&rsquo;un site Web mondial c\u00e9l\u00e8bre tel que YouTube, etc.)<\/p>\t\t\t\t\t\t\t\t<\/div>\n\t\t\t\t<\/div>\n\t\t\t\t<\/div>\n\t\t\t\t\t<\/div>\n\t\t\t\t<\/div>\n\t\t<div class=\"elementor-element elementor-element-b77b3c6 e-grid e-con-boxed e-con e-parent\" data-id=\"b77b3c6\" data-element_type=\"container\" data-settings=\"{&quot;background_background&quot;:&quot;classic&quot;}\">\n\t\t\t\t\t<div class=\"e-con-inner\">\n\t\t<div class=\"elementor-element elementor-element-9c39547 e-con-full e-flex e-con e-child\" data-id=\"9c39547\" data-element_type=\"container\" data-settings=\"{&quot;background_background&quot;:&quot;classic&quot;}\">\n\t\t\t\t<div class=\"elementor-element elementor-element-3dde566 elementor-widget elementor-widget-heading\" data-id=\"3dde566\" data-element_type=\"widget\" data-widget_type=\"heading.default\">\n\t\t\t\t<div class=\"elementor-widget-container\">\n\t\t\t\t\t<h2 class=\"elementor-heading-title elementor-size-default\">Format du nom de domaine :<\/h2>\t\t\t\t<\/div>\n\t\t\t\t<\/div>\n\t\t\t\t<div class=\"elementor-element elementor-element-571d797 elementor-widget elementor-widget-text-editor\" data-id=\"571d797\" data-element_type=\"widget\" data-widget_type=\"text-editor.default\">\n\t\t\t\t<div class=\"elementor-widget-container\">\n\t\t\t\t\t\t\t\t\t<p><strong>A. Le nom de domaine national syrien en lettres arabes : <\/strong><\/p><ul><li>Pour inclure uniquement les lettres arabes.<\/li><li>Qu&rsquo;une phrase commence par une lettre, ne se termine pas par un tiret \u00ab &#8211; \u00bb et ne contienne pas deux tirets cons\u00e9cutifs. \u00ab \u2014 \u00bb <\/li><li>Le nombre de caract\u00e8res utilis\u00e9s dans le nom ne doit pas d\u00e9passer 63 caract\u00e8res et ne doit pas \u00eatre inf\u00e9rieur \u00e0 deux caract\u00e8res.<\/li><li>Les mots ne doivent pas \u00eatre reli\u00e9s entre eux et le nom ne doit pas contenir d&rsquo;espaces. Ils peuvent \u00eatre remplac\u00e9s par un tiret.<\/li><li>Le nom ne doit pas contenir la lettre shadda \u00ab \u0651 \u00bb ni aucun signe diacritique.<\/li><li>Le nom ne doit pas contenir le caract\u00e8re d&rsquo;allongement ou Kashida \u00ab \u0640\u0640\u0640\u0640 \u00bb<\/li><li>N&rsquo;utilisez pas le z\u00e9ro \u00ab 0 \u00bb comme s\u00e9parateur entre les mots.<\/li><\/ul><p><strong>B. Le nom de domaine national syrien en lettres latines : <\/strong><\/p><ul><li>Il doit \u00eatre compos\u00e9 de lettres latines (A-Z) et ne fait pas de distinction entre les lettres minuscules et majuscules, ni entre les chiffres (0-9), le tiret \u00ab &#8211; \u00bb ou toute combinaison de ceux-ci, et l&rsquo;utilisation de caract\u00e8res d&rsquo;autres langues n&rsquo;est pas accept\u00e9e.   <\/li><li>Il doit commencer et se terminer par une lettre ou un chiffre (A-Z, 0-9) et aucun espace n&rsquo;est autoris\u00e9 entre les lettres du nom.<\/li><li>Le nombre de caract\u00e8res utilis\u00e9s dans le nom ne doit pas d\u00e9passer 63 caract\u00e8res et ne doit pas \u00eatre inf\u00e9rieur \u00e0 2 caract\u00e8res.<\/li><\/ul>\t\t\t\t\t\t\t\t<\/div>\n\t\t\t\t<\/div>\n\t\t\t\t<\/div>\n\t\t<div class=\"elementor-element elementor-element-aa51134 e-con-full e-flex e-con e-child\" data-id=\"aa51134\" data-element_type=\"container\" data-settings=\"{&quot;background_background&quot;:&quot;classic&quot;}\">\n\t\t\t\t<div class=\"elementor-element elementor-element-542c726 elementor-widget elementor-widget-heading\" data-id=\"542c726\" data-element_type=\"widget\" data-widget_type=\"heading.default\">\n\t\t\t\t<div class=\"elementor-widget-container\">\n\t\t\t\t\t<h2 class=\"elementor-heading-title elementor-size-default\">Exigences de s\u00e9lection du nom de domaine :<\/h2>\t\t\t\t<\/div>\n\t\t\t\t<\/div>\n\t\t\t\t<div class=\"elementor-element elementor-element-10525bd domintext elementor-widget elementor-widget-text-editor\" data-id=\"10525bd\" data-element_type=\"widget\" data-widget_type=\"text-editor.default\">\n\t\t\t\t<div class=\"elementor-widget-container\">\n\t\t\t\t\t\t\t\t\t<ul><li>Le nom de domaine doit \u00eatre li\u00e9 au demandeur et ne pas \u00eatre enregistr\u00e9 de mauvaise foi pour porter atteinte aux droits d&rsquo;autrui.<\/li><li>Le nom ne doit pas \u00eatre une marque d\u00e9pos\u00e9e ni un nom notoire (comme celui d&rsquo;une c\u00e9l\u00e9brit\u00e9), sauf autorisation \u00e9crite de la partie concern\u00e9e. L&rsquo;Autorit\u00e9 se r\u00e9serve le droit de refuser l&rsquo;enregistrement du nom en l&rsquo;absence d&rsquo;autorisation.  <\/li><li>Les noms contenant des mots ayant des significations inappropri\u00e9es (dans n\u2019importe quelle langue) ou qui sont en conflit avec les religions, les coutumes ou les lois et r\u00e8glements en vigueur en R\u00e9publique arabe syrienne ne sont pas autoris\u00e9s \u00e0 \u00eatre enregistr\u00e9s.<\/li><li>L&rsquo;Autorit\u00e9 d\u00e9termine les noms ayant une signification particuli\u00e8re qui ne peuvent \u00eatre enregistr\u00e9s en tant que domaines de deuxi\u00e8me niveau, sauf conform\u00e9ment aux conditions particuli\u00e8res suivantes :<\/li><li style=\"list-style-type: none;\"> <\/li><\/ul><div class=\"d-flex justify-content-center\"><table class=\"table table-bordered text-center ms-2 w-75\"><thead class=\"thead-dark\"><tr class=\"text-center\"><th class=\"align-middle\">Exemples<\/th> <th class=\"align-middle\">de noms avec des significations particuli\u00e8res<\/th><\/tr><\/thead><tbody><tr><td class=\"align-middle\"> biz.sy <\/td><td class=\"align-middle\">Noms de domaine g\u00e9n\u00e9riques mondiaux<\/td><\/tr><tr><td class=\"align-middle\">engineer.sy<\/td><td class=\"align-middle\">Noms des professions<\/td><\/tr><tr><td class=\"align-middle\">homs.sy <\/td><td class=\"align-middle\">Noms des gouvernorats, villes, r\u00e9gions et pays<\/td><\/tr><tr><td class=\"align-middle\">sami.sy<\/td> <td class=\"align-middle\">noms des peuples <\/td><\/tr><tr><td class=\"align-middle\">english.sy<\/td><td class=\"align-middle\"> Langues<\/td><\/tr><tr><td class=\"align-middle\">youtube.sy <\/td><td class=\"align-middle\">Noms de marques mondiales<\/td><\/tr><\/tbody><\/table><\/div><p>Les noms de domaine sp\u00e9ciaux suivants peuvent \u00eatre enregistr\u00e9s en tant que domaines de deuxi\u00e8me niveau dans des conditions particuli\u00e8res comme suit :<\/p><p>Noms de gouvernorats, de villes, de r\u00e9gions et de pays : Ces noms ne peuvent \u00eatre communiqu\u00e9s qu&rsquo;aux agences gouvernementales. Les particuliers et les entit\u00e9s priv\u00e9es doivent ajouter un mot ou un num\u00e9ro, conform\u00e9ment \u00e0 l&rsquo;exemple suivant : (Homs-accountants.sy)  <\/p><ul><li>Noms de professions, noms de personnes et langues : Si un mot ou un nombre est ajout\u00e9 selon l&rsquo;exemple suivant : (samiothman.sy, sami-othman.sy, sami1.sy)  <\/li><li>Noms de marque mondiaux : \u00e0 condition qu&rsquo;une autorisation ou une agence soit obtenue aupr\u00e8s du propri\u00e9taire de la marque. <\/li><li>L&rsquo;Autorit\u00e9 d\u00e9termine les r\u00e8gles r\u00e9gissant les cas de similitude visuelle entre les domaines enregistr\u00e9s en caract\u00e8res arabes. Elle est charg\u00e9e d&rsquo;\u00e9valuer le degr\u00e9 de similitude et peut refuser l&rsquo;enregistrement d&rsquo;un nom de domaine si cela entra\u00eene une confusion avec d&rsquo;autres noms de domaine enregistr\u00e9s, comme suit :<ul><li>Similarit\u00e9 r\u00e9sultant de noms de domaine contenant plusieurs syllabes s\u00e9par\u00e9es par un tiret (-) et d&rsquo;un m\u00eame nom de domaine sans tiret (-), \u00e0 condition qu&rsquo;un ta marbuta (\u0629) soit pr\u00e9sent \u00e0 la fin de chaque syllabe du nom de domaine (\u00e0 l&rsquo;exception de la derni\u00e8re).<br>Par exemple : (Damascus-University.Syria et Damascus-University.Syria) et (Damascus-University-Journal.Syria et Damascus-University-Journal.Syria). <\/li><li>La similarit\u00e9 r\u00e9sultant de la lettre Alif dans ses diff\u00e9rentes formes avec les hamzas et les voyelles longues (A I A A),<br>par exemple : (Ahmed.Syria, AAhmed.Syria, Ihmad.Syria) sont des synonymes du domaine : (Ahmed.Syria).   <\/li><li>La similarit\u00e9 r\u00e9sulte de la pr\u00e9sence de la lettre alif maqsura (\u0649) et de la lettre ya \u00e0 la fin du nom de domaine, ou lorsqu&rsquo;elle appara\u00eet directement apr\u00e8s un tiret (-), ou lorsqu&rsquo;elle appara\u00eet directement apr\u00e8s un chiffre,<br>exemple : (forum.syria et forum.syria). <\/li><li>La similarit\u00e9 r\u00e9sulte de la pr\u00e9sence de la lettre ha et de la lettre ta \u00e0 la fin du mot, ou lorsqu&rsquo;elle appara\u00eet directement apr\u00e8s un tiret (-), ou lorsqu&rsquo;elle appara\u00eet directement apr\u00e8s un chiffre, par exemple : (ville.Syrie et ville.Syrie). <\/li><li>La similarit\u00e9 r\u00e9sulte de la s\u00e9paration de la lettre ha&rsquo; (\u0647) \u00e0 la fin du mot et du chiffre 5 en arabe, par exemple : (Rafa.Syria et Rafa5.Syria). <\/li><li>La similarit\u00e9 r\u00e9sultant de la lettre Alif et du chiffre 1 dans la plage,<br>exemple : (Raed.Syria et R1Raed.Syria). <\/li><li>Similarit\u00e9 r\u00e9sultant de la r\u00e9p\u00e9tition d&rsquo;une lettre non connect\u00e9e, par exemple : (Syriabook.Syria et Syriabook.Syria). <\/li><\/ul><\/li><\/ul><ul><li>L&rsquo;Autorit\u00e9 d\u00e9termine les noms de domaine g\u00e9n\u00e9riques qui ne peuvent pas \u00eatre enregistr\u00e9s par les clients, et l&rsquo;Autorit\u00e9 d\u00e9termine les conditions d&rsquo;enregistrement sous ces domaines en tant que noms de domaine de troisi\u00e8me niveau comme suit : <ul><li>edu.sy : Site d\u00e9di\u00e9 au secteur de l&rsquo;\u00e9ducation. Les \u00e9tablissements d&rsquo;enseignement reconnus par le minist\u00e8re de l&rsquo;Enseignement sup\u00e9rieur ou le minist\u00e8re de l&rsquo;\u00c9ducation peuvent enregistrer un nom sous ce site apr\u00e8s avoir soumis les documents requis \u00e0 l&rsquo;autorit\u00e9 comp\u00e9tente. <\/li><li>org.sy : d\u00e9di\u00e9 aux organisations et entit\u00e9s non gouvernementales. Le nom de domaine \u00e0 enregistrer doit s&rsquo;inspirer du nom de l&rsquo;entit\u00e9 ou de la nature de son activit\u00e9, et le client doit en fournir la preuve.   <\/li><li>gov.sy : Ce domaine est r\u00e9serv\u00e9 au secteur public. Toutes les agences gouvernementales peuvent s&rsquo;enregistrer sous ce nom. Le nom de domaine \u00e0 enregistrer doit s&rsquo;inspirer du nom de l&rsquo;agence ou de la nature de ses activit\u00e9s, et le client doit en fournir la preuve.   <\/li><li>com.sy : Con\u00e7u pour les entreprises, tout le monde peut s&rsquo;inscrire sous ce nom.<\/li><li>tv.sy, info.sy, news.sy : d\u00e9di\u00e9s aux m\u00e9dias, \u00e0 la presse et \u00e0 leurs \u00e9quivalents. Le nom de domaine \u00e0 enregistrer doit \u00eatre d\u00e9riv\u00e9 du nom de l&rsquo;organisation ou de la nature de son activit\u00e9, et le client doit en fournir la preuve.  <\/li><li>net.sy : Con\u00e7u pour les entit\u00e9s propri\u00e9taires d&rsquo;un r\u00e9seau, comme les fournisseurs d&rsquo;acc\u00e8s Internet et les h\u00e9bergeurs en ligne. N&rsquo;importe qui peut s&rsquo;y inscrire.<\/li><li>name.sy : Ce nom a le sens d&rsquo;un nom personnel et n&rsquo;importe qui peut s&rsquo;enregistrer sous ce nom. L&rsquo;enregistrement s&rsquo;effectue sous le domaine \u00ab .name.sy \u00bb au format suivant : \u00ab xxxyyy.name.sy \u00bb, o\u00f9 \u00ab xxx \u00bb repr\u00e9sente le pr\u00e9nom et \u00ab yyy \u00bb le nom de famille, \u00e0 condition que le client soit le propri\u00e9taire du nom.    <\/li><li>biz.sy : D\u00e9di\u00e9 aux entit\u00e9s op\u00e9rant dans le domaine de l&rsquo;activit\u00e9 commerciale en ligne. <\/li><li>co.sy : Ce nom de domaine a une connotation commerciale. Le nom de domaine \u00e0 enregistrer doit \u00eatre d\u00e9riv\u00e9 du nom de l&rsquo;entit\u00e9 ou de la nature de son activit\u00e9, et le client doit en apporter la preuve.   <\/li><li>school.sy : d\u00e9di\u00e9 au secteur de l&rsquo;\u00e9ducation. Les \u00e9tablissements d&rsquo;enseignement reconnus par le minist\u00e8re de l&rsquo;\u00c9ducation peuvent s&rsquo;inscrire sur ce site, sur pr\u00e9sentation d&rsquo;une preuve.  <\/li><\/ul><\/li><\/ul>\t\t\t\t\t\t\t\t<\/div>\n\t\t\t\t<\/div>\n\t\t\t\t<\/div>\n\t\t\t\t\t<\/div>\n\t\t\t\t<\/div>\n\t\t\t\t<\/div>\n\t\t","protected":false},"excerpt":{"rendered":"<p>R\u00e9servez votre domaine Enregistrez votre domaine national facilement et en toute s\u00e9curit\u00e9 Votre nom de domaine est votre identit\u00e9 num\u00e9rique &#8211; r\u00e9servez-le maintenant R\u00e9servation de domaine : Il s&rsquo;agit d&rsquo;un service de r\u00e9servation de noms de domaine pour le client sous les noms de domaine nationaux syriens (.Syrie) et (.sy). Le client peut r\u00e9server un [&hellip;]<\/p>\n","protected":false},"author":1,"featured_media":0,"parent":0,"menu_order":0,"comment_status":"closed","ping_status":"closed","template":"","meta":{"site-sidebar-layout":"no-sidebar","site-content-layout":"page-builder","ast-site-content-layout":"full-width-container","site-content-style":"default","site-sidebar-style":"default","ast-global-header-display":"","ast-banner-title-visibility":"","ast-main-header-display":"","ast-hfb-above-header-display":"","ast-hfb-below-header-display":"","ast-hfb-mobile-header-display":"","site-post-title":"disabled","ast-breadcrumbs-content":"","ast-featured-img":"disabled","footer-sml-layout":"","ast-disable-related-posts":"","theme-transparent-header-meta":"","adv-header-id-meta":"","stick-header-meta":"","header-above-stick-meta":"","header-main-stick-meta":"","header-below-stick-meta":"","astra-migrate-meta-layouts":"default","ast-page-background-enabled":"default","ast-page-background-meta":{"desktop":{"background-color":"","background-image":"","background-repeat":"repeat","background-position":"center center","background-size":"auto","background-attachment":"scroll","background-type":"","background-media":"","overlay-type":"","overlay-color":"","overlay-opacity":"","overlay-gradient":""},"tablet":{"background-color":"","background-image":"","background-repeat":"repeat","background-position":"center center","background-size":"auto","background-attachment":"scroll","background-type":"","background-media":"","overlay-type":"","overlay-color":"","overlay-opacity":"","overlay-gradient":""},"mobile":{"background-color":"","background-image":"","background-repeat":"repeat","background-position":"center center","background-size":"auto","background-attachment":"scroll","background-type":"","background-media":"","overlay-type":"","overlay-color":"","overlay-opacity":"","overlay-gradient":""}},"ast-content-background-meta":{"desktop":{"background-color":"var(--ast-global-color-5)","background-image":"","background-repeat":"repeat","background-position":"center center","background-size":"auto","background-attachment":"scroll","background-type":"","background-media":"","overlay-type":"","overlay-color":"","overlay-opacity":"","overlay-gradient":""},"tablet":{"background-color":"var(--ast-global-color-5)","background-image":"","background-repeat":"repeat","background-position":"center center","background-size":"auto","background-attachment":"scroll","background-type":"","background-media":"","overlay-type":"","overlay-color":"","overlay-opacity":"","overlay-gradient":""},"mobile":{"background-color":"var(--ast-global-color-5)","background-image":"","background-repeat":"repeat","background-position":"center center","background-size":"auto","background-attachment":"scroll","background-type":"","background-media":"","overlay-type":"","overlay-color":"","overlay-opacity":"","overlay-gradient":""}},"footnotes":""},"class_list":["post-26944","page","type-page","status-publish","hentry"],"_links":{"self":[{"href":"https:\/\/dotsy.ovh\/fr\/wp-json\/wp\/v2\/pages\/26944","targetHints":{"allow":["GET"]}}],"collection":[{"href":"https:\/\/dotsy.ovh\/fr\/wp-json\/wp\/v2\/pages"}],"about":[{"href":"https:\/\/dotsy.ovh\/fr\/wp-json\/wp\/v2\/types\/page"}],"author":[{"embeddable":true,"href":"https:\/\/dotsy.ovh\/fr\/wp-json\/wp\/v2\/users\/1"}],"replies":[{"embeddable":true,"href":"https:\/\/dotsy.ovh\/fr\/wp-json\/wp\/v2\/comments?post=26944"}],"version-history":[{"count":11,"href":"https:\/\/dotsy.ovh\/fr\/wp-json\/wp\/v2\/pages\/26944\/revisions"}],"predecessor-version":[{"id":27118,"href":"https:\/\/dotsy.ovh\/fr\/wp-json\/wp\/v2\/pages\/26944\/revisions\/27118"}],"wp:attachment":[{"href":"https:\/\/dotsy.ovh\/fr\/wp-json\/wp\/v2\/media?parent=26944"}],"curies":[{"name":"wp","href":"https:\/\/api.w.org\/{rel}","templated":true}]}}