{"id":27052,"date":"2025-09-07T09:09:23","date_gmt":"2025-09-07T09:09:23","guid":{"rendered":"https:\/\/dotsy.ovh\/avantages-du-domaine-syrien\/"},"modified":"2025-09-11T07:59:14","modified_gmt":"2025-09-11T07:59:14","slug":"avantages-du-domaine-syrien","status":"publish","type":"page","link":"https:\/\/dotsy.ovh\/fr\/avantages-du-domaine-syrien\/","title":{"rendered":"Avantages du domaine syrien"},"content":{"rendered":"\t\t<div data-elementor-type=\"wp-page\" data-elementor-id=\"27052\" class=\"elementor elementor-27052 elementor-27019\">\n\t\t\t\t<div class=\"elementor-element elementor-element-6e7f1d0 e-flex e-con-boxed e-con e-parent\" data-id=\"6e7f1d0\" data-element_type=\"container\" data-settings=\"{&quot;background_background&quot;:&quot;classic&quot;}\">\n\t\t\t\t\t<div class=\"e-con-inner\">\n\t\t<div class=\"elementor-element elementor-element-fc3e217 e-con-full e-flex e-con e-child\" data-id=\"fc3e217\" data-element_type=\"container\">\n\t\t\t\t<div class=\"elementor-element elementor-element-5a3feb9 elementor-widget elementor-widget-hfe-infocard\" data-id=\"5a3feb9\" data-element_type=\"widget\" data-widget_type=\"hfe-infocard.default\">\n\t\t\t\t<div class=\"elementor-widget-container\">\n\t\t\t\t\t\n\t\t<div class=\"hfe-infocard\">\n\t\t\t\t\t\t\t\t\t<div class=\"hfe-infocard-title-wrap\">\n\t\t\t\t<h1 class=\"hfe-infocard-title elementor-inline-editing\" data-elementor-setting-key=\"infocard_title\" data-elementor-inline-editing-toolbar=\"basic\" >Avantages du domaine syrien<\/h1>\t\t\t<\/div>\n\t\t\t\t\t\t<div class=\"hfe-infocard-text-wrap\">\n\t\t\t\t<div class=\"hfe-infocard-text elementor-inline-editing\" data-elementor-setting-key=\"infocard_description\" data-elementor-inline-editing-toolbar=\"advanced\">\n\t\t\t\t\tUne pr\u00e9sence en ligne locale forte et fiable\t\t\t\t<\/div>\n\t\t\t\t\t\t\t<\/div>\n\t\t<\/div>\n\n\t\t\t\t\t\t<\/div>\n\t\t\t\t<\/div>\n\t\t\t\t<\/div>\n\t\t\t\t\t<\/div>\n\t\t\t\t<\/div>\n\t\t<div class=\"elementor-element elementor-element-6157321 e-flex e-con-boxed e-con e-parent\" data-id=\"6157321\" data-element_type=\"container\" data-settings=\"{&quot;background_background&quot;:&quot;classic&quot;,&quot;shape_divider_bottom&quot;:&quot;waves&quot;}\">\n\t\t\t\t\t<div class=\"e-con-inner\">\n\t\t\t\t<div class=\"elementor-shape elementor-shape-bottom\" aria-hidden=\"true\" data-negative=\"false\">\n\t\t\t<svg xmlns=\"http:\/\/www.w3.org\/2000\/svg\" viewBox=\"0 0 1000 100\" preserveAspectRatio=\"none\">\n\t<path class=\"elementor-shape-fill\" d=\"M421.9,6.5c22.6-2.5,51.5,0.4,75.5,5.3c23.6,4.9,70.9,23.5,100.5,35.7c75.8,32.2,133.7,44.5,192.6,49.7\n\tc23.6,2.1,48.7,3.5,103.4-2.5c54.7-6,106.2-25.6,106.2-25.6V0H0v30.3c0,0,72,32.6,158.4,30.5c39.2-0.7,92.8-6.7,134-22.4\n\tc21.2-8.1,52.2-18.2,79.7-24.2C399.3,7.9,411.6,7.5,421.9,6.5z\"\/>\n<\/svg>\t\t<\/div>\n\t\t<div class=\"elementor-element elementor-element-20e7fa9 e-con-full e-flex e-con e-child\" data-id=\"20e7fa9\" data-element_type=\"container\">\n\t\t<div class=\"elementor-element elementor-element-a156903 e-flex e-con-boxed e-con e-child\" data-id=\"a156903\" data-element_type=\"container\" data-settings=\"{&quot;background_background&quot;:&quot;classic&quot;}\">\n\t\t\t\t\t<div class=\"e-con-inner\">\n\t\t\t\t<div class=\"elementor-element elementor-element-7fc80ec elementor-vertical-align-top elementor-widget elementor-widget-image-box\" data-id=\"7fc80ec\" data-element_type=\"widget\" data-widget_type=\"image-box.default\">\n\t\t\t\t<div class=\"elementor-widget-container\">\n\t\t\t\t\t<div class=\"elementor-image-box-wrapper\"><div class=\"elementor-image-box-content\"><h2 class=\"elementor-image-box-title\">Qu'est-ce que le domaine national syrien (.sy) et pourquoi est-il important ?<\/h2><\/div><\/div>\t\t\t\t<\/div>\n\t\t\t\t<\/div>\n\t\t\t\t<div class=\"elementor-element elementor-element-60b0d57 elementor-widget elementor-widget-text-editor\" data-id=\"60b0d57\" data-element_type=\"widget\" data-widget_type=\"text-editor.default\">\n\t\t\t\t<div class=\"elementor-widget-container\">\n\t\t\t\t\t\t\t\t\t<p data-start=\"499\" data-end=\"671\">Le domaine national (.sy) est l&rsquo;extension officielle de la R\u00e9publique arabe syrienne sur Internet et est accord\u00e9 exclusivement aux entreprises, institutions et particuliers r\u00e9sidant en Syrie ou ciblant le march\u00e9 syrien. <\/p>\t\t\t\t\t\t\t\t<\/div>\n\t\t\t\t<\/div>\n\t\t\t\t<div class=\"elementor-element elementor-element-0a29a42 elementor-widget elementor-widget-text-editor\" data-id=\"0a29a42\" data-element_type=\"widget\" data-widget_type=\"text-editor.default\">\n\t\t\t\t<div class=\"elementor-widget-container\">\n\t\t\t\t\t\t\t\t\t<p>Poss\u00e9der ce domaine signifie que votre entreprise est l\u00e9galement enregistr\u00e9e et cible un public local avec des produits et services personnalis\u00e9s, renfor\u00e7ant ainsi la confiance et la cr\u00e9dibilit\u00e9 aupr\u00e8s de vos clients.  <\/p>\t\t\t\t\t\t\t\t<\/div>\n\t\t\t\t<\/div>\n\t\t\t\t\t<\/div>\n\t\t\t\t<\/div>\n\t\t\t\t<\/div>\n\t\t<div class=\"elementor-element elementor-element-e79a68a e-con-full e-flex e-con e-child\" data-id=\"e79a68a\" data-element_type=\"container\">\n\t\t<div class=\"elementor-element elementor-element-424df52 e-flex e-con-boxed e-con e-child\" data-id=\"424df52\" data-element_type=\"container\" data-settings=\"{&quot;background_background&quot;:&quot;classic&quot;}\">\n\t\t\t\t\t<div class=\"e-con-inner\">\n\t\t\t\t<div class=\"elementor-element elementor-element-4ec2afd elementor-vertical-align-top elementor-widget elementor-widget-image-box\" data-id=\"4ec2afd\" data-element_type=\"widget\" data-widget_type=\"image-box.default\">\n\t\t\t\t<div class=\"elementor-widget-container\">\n\t\t\t\t\t<div class=\"elementor-image-box-wrapper\"><div class=\"elementor-image-box-content\"><h2 class=\"elementor-image-box-title\">Principaux avantages de l'utilisation du domaine national syrien (.sy)<\/h2><\/div><\/div>\t\t\t\t<\/div>\n\t\t\t\t<\/div>\n\t\t\t\t<div class=\"elementor-element elementor-element-cd91c38 elementor-widget elementor-widget-text-editor\" data-id=\"cd91c38\" data-element_type=\"widget\" data-widget_type=\"text-editor.default\">\n\t\t\t\t<div class=\"elementor-widget-container\">\n\t\t\t\t\t\t\t\t\t<h3 data-start=\"870\" data-end=\"901\">1. Confiance et reconnaissance locales<\/h3><p data-start=\"902\" data-end=\"1027\">Les clients locaux pr\u00e9f\u00e8rent traiter avec des sites Web avec une extension nationale, car cela d\u00e9montre une pr\u00e9sence physique dans le pays et le respect des lois syriennes. <\/p><h3 data-start=\"1029\" data-end=\"1075\">2. R\u00e9f\u00e9rencement local<\/h3><p data-start=\"1076\" data-end=\"1210\">Les moteurs de recherche comme Google donnent la priorit\u00e9 aux sites avec des domaines nationaux lors de la recherche en Syrie, ce qui augmente la visibilit\u00e9 de votre site et augmente le trafic. <\/p><h3 data-start=\"1212\" data-end=\"1252\">3. Construire une identit\u00e9 de marque forte<\/h3><p data-start=\"1253\" data-end=\"1348\"><a href=\"https:\/\/dotsy.ovh\/fr\/reservez-votre-domaine\/\">Le domaine (.sy)<\/a> montre imm\u00e9diatement que votre entreprise dessert le march\u00e9 syrien et laisse une impression professionnelle aux visiteurs. <\/p><h3 data-start=\"1350\" data-end=\"1392\">4. Conformit\u00e9 officielle et pr\u00e9sence l\u00e9gale<\/h3><p data-start=\"1393\" data-end=\"1494\">L&rsquo;enregistrement d&rsquo;un domaine national n\u00e9cessite le respect de normes juridiques, refl\u00e9tant de mani\u00e8re transparente votre entreprise dans un cadre juridique formel. <\/p><h3 data-start=\"1496\" data-end=\"1520\">5. Protection num\u00e9rique<\/h3><p data-start=\"1521\" data-end=\"1629\">Les domaines nationaux sont soumis \u00e0 une surveillance officielle, ce qui r\u00e9duit le risque de fraude en ligne et prot\u00e8ge les droits de votre marque. <\/p>\t\t\t\t\t\t\t\t<\/div>\n\t\t\t\t<\/div>\n\t\t\t\t\t<\/div>\n\t\t\t\t<\/div>\n\t\t\t\t<\/div>\n\t\t<div class=\"elementor-element elementor-element-963b2f4 e-con-full e-flex e-con e-child\" data-id=\"963b2f4\" data-element_type=\"container\">\n\t\t<div class=\"elementor-element elementor-element-93ce584 e-flex e-con-boxed e-con e-child\" data-id=\"93ce584\" data-element_type=\"container\" data-settings=\"{&quot;background_background&quot;:&quot;classic&quot;}\">\n\t\t\t\t\t<div class=\"e-con-inner\">\n\t\t\t\t<div class=\"elementor-element elementor-element-c218d38 elementor-vertical-align-top elementor-widget elementor-widget-image-box\" data-id=\"c218d38\" data-element_type=\"widget\" data-widget_type=\"image-box.default\">\n\t\t\t\t<div class=\"elementor-widget-container\">\n\t\t\t\t\t<div class=\"elementor-image-box-wrapper\"><div class=\"elementor-image-box-content\"><h2 class=\"elementor-image-box-title\">Dot sy : votre partenaire officiel pour l'enregistrement des domaines nationaux syriens (.sy) <\/h2><\/div><\/div>\t\t\t\t<\/div>\n\t\t\t\t<\/div>\n\t\t\t\t<div class=\"elementor-element elementor-element-e8d3df7 elementor-widget elementor-widget-text-editor\" data-id=\"e8d3df7\" data-element_type=\"widget\" data-widget_type=\"text-editor.default\">\n\t\t\t\t<div class=\"elementor-widget-container\">\n\t\t\t\t\t\t\t\t\t<p data-start=\"2105\" data-end=\"2226\"><a href=\"https:\/\/dotsy.ovh\/fr\/\">Nous sommes<\/a> une filiale <a href=\"https:\/\/nobalaa.sy\/\" target=\"_blank\" rel=\"noopener\">d&rsquo;Al-Nobalaa Company<\/a>, une soci\u00e9t\u00e9 agr\u00e9\u00e9e par l&rsquo;Agence nationale des services informatiques. Nous vous proposons des services complets pour l&rsquo;enregistrement de domaines syriens :<\/p><ul data-start=\"2228\" data-end=\"2509\"><li data-start=\"2228\" data-end=\"2257\"><p data-start=\"2230\" data-end=\"2257\">Enregistrez des domaines officiels et v\u00e9rifi\u00e9s<\/p><\/li><li data-start=\"2258\" data-end=\"2298\"><p data-start=\"2260\" data-end=\"2298\">Consultations pour choisir le meilleur nom de domaine<\/p><\/li><li data-start=\"2299\" data-end=\"2341\"><p data-start=\"2301\" data-end=\"2341\">Gestion DNS professionnelle pour assurer la stabilit\u00e9 de votre site Web<\/p><\/li><li data-start=\"2342\" data-end=\"2377\"><p data-start=\"2344\" data-end=\"2377\">Enregistrement et renouvellement de domaine rapides et fluides<\/p><\/li><li data-start=\"2378\" data-end=\"2442\"><p data-start=\"2380\" data-end=\"2442\">Support technique continu et r\u00e9ponses \u00e0 toutes vos questions techniques et juridiques.<\/p><\/li><li data-start=\"2443\" data-end=\"2477\"><p data-start=\"2445\" data-end=\"2477\">Protection de la marque num\u00e9rique<\/p><\/li><li data-start=\"2478\" data-end=\"2509\"><p data-start=\"2480\" data-end=\"2509\">Tarification transparente sans frais cach\u00e9s<\/p><\/li><\/ul><p data-start=\"2511\" data-end=\"2612\">Nous ne fournissons pas seulement un domaine, nous construisons avec vous <strong data-start=\"2547\" data-end=\"2567\">une identit\u00e9 num\u00e9rique<\/strong> compl\u00e8te qui commence par le domaine et s&rsquo;\u00e9tend \u00e0 tous les aspects de votre pr\u00e9sence num\u00e9rique. <\/p><h2 style=\"color: #3aa6b9;\">Pourquoi nous choisir?<\/h2><ul data-start=\"2646\" data-end=\"2798\"><li data-start=\"2646\" data-end=\"2676\"><p data-start=\"2648\" data-end=\"2676\">Entreprise officiellement agr\u00e9\u00e9e en Syrie<\/p><\/li><li data-start=\"2677\" data-end=\"2714\"><p data-start=\"2679\" data-end=\"2714\">Une expertise locale et une compr\u00e9hension approfondie du march\u00e9 syrien<\/p><\/li><li data-start=\"2715\" data-end=\"2741\"><p data-start=\"2717\" data-end=\"2741\">Support technique et consultatif continu<\/p><\/li><li data-start=\"2742\" data-end=\"2769\"><p data-start=\"2744\" data-end=\"2769\">Tarification flexible et forfaits personnalis\u00e9s<\/p><\/li><li data-start=\"2770\" data-end=\"2798\"><p data-start=\"2772\" data-end=\"2798\">Des services complets sous un m\u00eame toit<\/p><\/li><\/ul><h2 style=\"color: #3aa6b9;\">D\u00e9marrez votre avenir num\u00e9rique en toute confiance<\/h2><p data-start=\"2836\" data-end=\"3029\">Poss\u00e9der <strong data-start=\"2843\" data-end=\"2873\"><a href=\"https:\/\/dotsy.ovh\/fr\/reservez-votre-domaine\/\">un domaine national syrien (.sy)<\/a><\/strong> est la premi\u00e8re \u00e9tape vers <strong data-start=\"2896\" data-end=\"2920\">une pr\u00e9sence locale en ligne solide et fiable.<\/strong> Choisissez un partenaire qui comprend les exigences du march\u00e9 syrien et vous offre tout ce dont vous avez besoin pour lancer votre entreprise avec confiance et professionnalisme.  <\/p><p data-start=\"3031\" data-end=\"3132\"><strong data-start=\"3031\" data-end=\"3095\">\u00cates-vous pr\u00eat \u00e0 enregistrer votre domaine national et \u00e0 d\u00e9coller dans le monde num\u00e9rique ?<\/strong><br data-start=\"3095\" data-end=\"3098\"><strong data-start=\"3099\" data-end=\"3129\"><a href=\"https:\/\/dotsy.ovh\/fr\/contact\/\">Enregistrez votre domaine maintenant&#8230;<\/a><\/strong> <\/p>\t\t\t\t\t\t\t\t<\/div>\n\t\t\t\t<\/div>\n\t\t\t\t\t<\/div>\n\t\t\t\t<\/div>\n\t\t\t\t<\/div>\n\t\t\t\t\t<\/div>\n\t\t\t\t<\/div>\n\t\t\t\t<\/div>\n\t\t","protected":false},"excerpt":{"rendered":"<p>Avantages du domaine syrien Une pr\u00e9sence en ligne locale forte et fiable Qu&rsquo;est-ce que le domaine national syrien (.sy) et pourquoi est-il important ? Le domaine national (.sy) est l&rsquo;extension officielle de la R\u00e9publique arabe syrienne sur Internet et est accord\u00e9 exclusivement aux entreprises, institutions et particuliers r\u00e9sidant en Syrie ou ciblant le march\u00e9 syrien. [&hellip;]<\/p>\n","protected":false},"author":1,"featured_media":0,"parent":0,"menu_order":0,"comment_status":"closed","ping_status":"closed","template":"","meta":{"site-sidebar-layout":"no-sidebar","site-content-layout":"page-builder","ast-site-content-layout":"full-width-container","site-content-style":"unboxed","site-sidebar-style":"unboxed","ast-global-header-display":"","ast-banner-title-visibility":"","ast-main-header-display":"","ast-hfb-above-header-display":"","ast-hfb-below-header-display":"","ast-hfb-mobile-header-display":"","site-post-title":"disabled","ast-breadcrumbs-content":"","ast-featured-img":"disabled","footer-sml-layout":"","ast-disable-related-posts":"","theme-transparent-header-meta":"","adv-header-id-meta":"","stick-header-meta":"","header-above-stick-meta":"","header-main-stick-meta":"","header-below-stick-meta":"","astra-migrate-meta-layouts":"default","ast-page-background-enabled":"default","ast-page-background-meta":{"desktop":{"background-color":"","background-image":"","background-repeat":"repeat","background-position":"center center","background-size":"auto","background-attachment":"scroll","background-type":"","background-media":"","overlay-type":"","overlay-color":"","overlay-opacity":"","overlay-gradient":""},"tablet":{"background-color":"","background-image":"","background-repeat":"repeat","background-position":"center center","background-size":"auto","background-attachment":"scroll","background-type":"","background-media":"","overlay-type":"","overlay-color":"","overlay-opacity":"","overlay-gradient":""},"mobile":{"background-color":"","background-image":"","background-repeat":"repeat","background-position":"center center","background-size":"auto","background-attachment":"scroll","background-type":"","background-media":"","overlay-type":"","overlay-color":"","overlay-opacity":"","overlay-gradient":""}},"ast-content-background-meta":{"desktop":{"background-color":"var(--ast-global-color-5)","background-image":"","background-repeat":"repeat","background-position":"center center","background-size":"auto","background-attachment":"scroll","background-type":"","background-media":"","overlay-type":"","overlay-color":"","overlay-opacity":"","overlay-gradient":""},"tablet":{"background-color":"var(--ast-global-color-5)","background-image":"","background-repeat":"repeat","background-position":"center center","background-size":"auto","background-attachment":"scroll","background-type":"","background-media":"","overlay-type":"","overlay-color":"","overlay-opacity":"","overlay-gradient":""},"mobile":{"background-color":"var(--ast-global-color-5)","background-image":"","background-repeat":"repeat","background-position":"center center","background-size":"auto","background-attachment":"scroll","background-type":"","background-media":"","overlay-type":"","overlay-color":"","overlay-opacity":"","overlay-gradient":""}},"footnotes":""},"class_list":["post-27052","page","type-page","status-publish","hentry"],"_links":{"self":[{"href":"https:\/\/dotsy.ovh\/fr\/wp-json\/wp\/v2\/pages\/27052","targetHints":{"allow":["GET"]}}],"collection":[{"href":"https:\/\/dotsy.ovh\/fr\/wp-json\/wp\/v2\/pages"}],"about":[{"href":"https:\/\/dotsy.ovh\/fr\/wp-json\/wp\/v2\/types\/page"}],"author":[{"embeddable":true,"href":"https:\/\/dotsy.ovh\/fr\/wp-json\/wp\/v2\/users\/1"}],"replies":[{"embeddable":true,"href":"https:\/\/dotsy.ovh\/fr\/wp-json\/wp\/v2\/comments?post=27052"}],"version-history":[{"count":2,"href":"https:\/\/dotsy.ovh\/fr\/wp-json\/wp\/v2\/pages\/27052\/revisions"}],"predecessor-version":[{"id":27103,"href":"https:\/\/dotsy.ovh\/fr\/wp-json\/wp\/v2\/pages\/27052\/revisions\/27103"}],"wp:attachment":[{"href":"https:\/\/dotsy.ovh\/fr\/wp-json\/wp\/v2\/media?parent=27052"}],"curies":[{"name":"wp","href":"https:\/\/api.w.org\/{rel}","templated":true}]}}