{"id":27531,"date":"2025-11-23T12:48:01","date_gmt":"2025-11-23T12:48:01","guid":{"rendered":"https:\/\/dotsy.ovh\/document-de-licence\/"},"modified":"2025-11-24T11:13:19","modified_gmt":"2025-11-24T11:13:19","slug":"document-de-licence","status":"publish","type":"page","link":"https:\/\/dotsy.ovh\/fr\/document-de-licence\/","title":{"rendered":"document de licence"},"content":{"rendered":"\t\t<div data-elementor-type=\"wp-page\" data-elementor-id=\"27531\" class=\"elementor elementor-27531 elementor-27294\">\n\t\t\t\t<div class=\"elementor-element elementor-element-dc2a1be e-flex e-con-boxed e-con e-parent\" data-id=\"dc2a1be\" data-element_type=\"container\" data-settings=\"{&quot;background_background&quot;:&quot;classic&quot;}\">\n\t\t\t\t\t<div class=\"e-con-inner\">\n\t\t<div class=\"elementor-element elementor-element-dac0258 e-con-full e-flex e-con e-child\" data-id=\"dac0258\" data-element_type=\"container\">\n\t\t\t\t<div class=\"elementor-element elementor-element-9271412 elementor-widget elementor-widget-hfe-infocard\" data-id=\"9271412\" data-element_type=\"widget\" data-widget_type=\"hfe-infocard.default\">\n\t\t\t\t<div class=\"elementor-widget-container\">\n\t\t\t\t\t\n\t\t<div class=\"hfe-infocard\">\n\t\t\t\t\t\t\t\t\t<div class=\"hfe-infocard-title-wrap\">\n\t\t\t\t<h1 class=\"hfe-infocard-title elementor-inline-editing\" data-elementor-setting-key=\"infocard_title\" data-elementor-inline-editing-toolbar=\"basic\" >Document de licence officiel de la soci\u00e9t\u00e9 Al-Nobalaa<\/h1>\t\t\t<\/div>\n\t\t\t\t\t\t<div class=\"hfe-infocard-text-wrap\">\n\t\t\t\t<div class=\"hfe-infocard-text elementor-inline-editing\" data-elementor-setting-key=\"infocard_description\" data-elementor-inline-editing-toolbar=\"advanced\">\n\t\t\t\t\tNous sommes officiellement agr\u00e9\u00e9s pour fournir des services de technologies de l'information et d'h\u00e9bergement conform\u00e9ment \u00e0 la r\u00e9glementation en vigueur.\t\t\t\t<\/div>\n\t\t\t\t\t\t\t<\/div>\n\t\t<\/div>\n\n\t\t\t\t\t\t<\/div>\n\t\t\t\t<\/div>\n\t\t\t\t<\/div>\n\t\t\t\t\t<\/div>\n\t\t\t\t<\/div>\n\t\t<div class=\"elementor-element elementor-element-566d061 e-flex e-con-boxed e-con e-parent\" data-id=\"566d061\" data-element_type=\"container\">\n\t\t\t\t\t<div class=\"e-con-inner\">\n\t\t\t\t<div class=\"elementor-element elementor-element-692d585 elementor-widget elementor-widget-heading\" data-id=\"692d585\" data-element_type=\"widget\" data-widget_type=\"heading.default\">\n\t\t\t\t<div class=\"elementor-widget-container\">\n\t\t\t\t\t<h2 class=\"elementor-heading-title elementor-size-default\">D\u00e9livr\u00e9 conform\u00e9ment aux proc\u00e9dures l\u00e9gales de l'Autorit\u00e9 nationale des services de technologies de l'information aupr\u00e8s du minist\u00e8re syrien des Communications <\/h2>\t\t\t\t<\/div>\n\t\t\t\t<\/div>\n\t\t\t\t\t<\/div>\n\t\t\t\t<\/div>\n\t\t<div class=\"elementor-element elementor-element-5c4ca3d e-con-full e-flex e-con e-parent\" data-id=\"5c4ca3d\" data-element_type=\"container\">\n\t\t\t\t<div class=\"elementor-element elementor-element-b59e2ff elementor-widget__width-initial elementor-widget-mobile__width-initial elementor-widget elementor-widget-html\" data-id=\"b59e2ff\" data-element_type=\"widget\" data-widget_type=\"html.default\">\n\t\t\t\t<div class=\"elementor-widget-container\">\n\t\t\t\t\t<style>\r\n  .pdf-viewer {\r\n    width: 100%;\r\n    height: 700px;\r\n    border: none;\r\n  }\r\n\r\n  @media (max-width: 767px) {\r\n    .pdf-viewer {\r\n      height: 400px !important;\r\n    }\r\n  }\r\n<\/style>\r\n\r\n<embed src=\"https:\/\/dotsy.ovh\/wp-content\/uploads\/2025\/11\/nobalaa-license-2025.pdf\" type=\"application\/pdf\" class=\"pdf-viewer\"><\/embed>\t\t\t\t<\/div>\n\t\t\t\t<\/div>\n\t\t\t\t<\/div>\n\t\t\t\t<\/div>\n\t\t","protected":false},"excerpt":{"rendered":"<p>Document de licence officiel de la soci\u00e9t\u00e9 Al-Nobalaa Nous sommes officiellement agr\u00e9\u00e9s pour fournir des services de technologies de l&rsquo;information et d&rsquo;h\u00e9bergement conform\u00e9ment \u00e0 la r\u00e9glementation en vigueur. D\u00e9livr\u00e9 conform\u00e9ment aux proc\u00e9dures l\u00e9gales de l&rsquo;Autorit\u00e9 nationale des services de technologies de l&rsquo;information aupr\u00e8s du minist\u00e8re syrien des Communications .pdf-viewer { width: 100%; height: 700px; border: [&hellip;]<\/p>\n","protected":false},"author":1,"featured_media":0,"parent":0,"menu_order":0,"comment_status":"closed","ping_status":"closed","template":"","meta":{"site-sidebar-layout":"no-sidebar","site-content-layout":"page-builder","ast-site-content-layout":"full-width-container","site-content-style":"default","site-sidebar-style":"default","ast-global-header-display":"","ast-banner-title-visibility":"","ast-main-header-display":"","ast-hfb-above-header-display":"","ast-hfb-below-header-display":"","ast-hfb-mobile-header-display":"","site-post-title":"disabled","ast-breadcrumbs-content":"","ast-featured-img":"disabled","footer-sml-layout":"","ast-disable-related-posts":"","theme-transparent-header-meta":"","adv-header-id-meta":"","stick-header-meta":"","header-above-stick-meta":"","header-main-stick-meta":"","header-below-stick-meta":"","astra-migrate-meta-layouts":"default","ast-page-background-enabled":"default","ast-page-background-meta":{"desktop":{"background-color":"","background-image":"","background-repeat":"repeat","background-position":"center center","background-size":"auto","background-attachment":"scroll","background-type":"","background-media":"","overlay-type":"","overlay-color":"","overlay-opacity":"","overlay-gradient":""},"tablet":{"background-color":"","background-image":"","background-repeat":"repeat","background-position":"center center","background-size":"auto","background-attachment":"scroll","background-type":"","background-media":"","overlay-type":"","overlay-color":"","overlay-opacity":"","overlay-gradient":""},"mobile":{"background-color":"","background-image":"","background-repeat":"repeat","background-position":"center center","background-size":"auto","background-attachment":"scroll","background-type":"","background-media":"","overlay-type":"","overlay-color":"","overlay-opacity":"","overlay-gradient":""}},"ast-content-background-meta":{"desktop":{"background-color":"var(--ast-global-color-5)","background-image":"","background-repeat":"repeat","background-position":"center center","background-size":"auto","background-attachment":"scroll","background-type":"","background-media":"","overlay-type":"","overlay-color":"","overlay-opacity":"","overlay-gradient":""},"tablet":{"background-color":"var(--ast-global-color-5)","background-image":"","background-repeat":"repeat","background-position":"center center","background-size":"auto","background-attachment":"scroll","background-type":"","background-media":"","overlay-type":"","overlay-color":"","overlay-opacity":"","overlay-gradient":""},"mobile":{"background-color":"var(--ast-global-color-5)","background-image":"","background-repeat":"repeat","background-position":"center center","background-size":"auto","background-attachment":"scroll","background-type":"","background-media":"","overlay-type":"","overlay-color":"","overlay-opacity":"","overlay-gradient":""}},"footnotes":""},"class_list":["post-27531","page","type-page","status-publish","hentry"],"_links":{"self":[{"href":"https:\/\/dotsy.ovh\/fr\/wp-json\/wp\/v2\/pages\/27531","targetHints":{"allow":["GET"]}}],"collection":[{"href":"https:\/\/dotsy.ovh\/fr\/wp-json\/wp\/v2\/pages"}],"about":[{"href":"https:\/\/dotsy.ovh\/fr\/wp-json\/wp\/v2\/types\/page"}],"author":[{"embeddable":true,"href":"https:\/\/dotsy.ovh\/fr\/wp-json\/wp\/v2\/users\/1"}],"replies":[{"embeddable":true,"href":"https:\/\/dotsy.ovh\/fr\/wp-json\/wp\/v2\/comments?post=27531"}],"version-history":[{"count":2,"href":"https:\/\/dotsy.ovh\/fr\/wp-json\/wp\/v2\/pages\/27531\/revisions"}],"predecessor-version":[{"id":27533,"href":"https:\/\/dotsy.ovh\/fr\/wp-json\/wp\/v2\/pages\/27531\/revisions\/27533"}],"wp:attachment":[{"href":"https:\/\/dotsy.ovh\/fr\/wp-json\/wp\/v2\/media?parent=27531"}],"curies":[{"name":"wp","href":"https:\/\/api.w.org\/{rel}","templated":true}]}}